{"id":8839,"date":"2023-01-09T11:43:51","date_gmt":"2023-01-09T17:43:51","guid":{"rendered":"https:\/\/webadedios.com\/blog\/?page_id=8839"},"modified":"2023-05-20T12:50:16","modified_gmt":"2023-05-20T17:50:16","slug":"libros-2023","status":"publish","type":"page","link":"https:\/\/webadedios.com\/blog\/libros-2023\/","title":{"rendered":"Libros 2023"},"content":{"rendered":"<p>El a\u00f1o 2022 le\u00ed bastante, no creo leer tanto este a\u00f1o pero lo intentare<\/p>\n<p>Muchos libros de estoicismo, que es mi filosof\u00eda de vida y quiero profundizar m\u00e1s, un tema que me interesa de sobremanera actualmente<\/p>\n<p>Esta es Mi lista de libros a leer durante el 2023 En los comentarios de <a href=\"https:\/\/webadedios.com\/blog\/2022\/general\/recomiendame-un-libro-2022\/\">https:\/\/webadedios.com\/blog\/2022\/general\/recomiendame-un-libro-2022\/<\/a> se pueden dejar mas recomendaciones<\/p>\n<div class=\"row\">\n<table class=\"table table-striped\" style=\"width: 79.3199%;\">\n<thead>\n<tr>\n<th style=\"width: 3.44311%;\"><\/th>\n<th style=\"width: 73.2036%;\">Libros a Leer 2023<\/th>\n<th style=\"width: 21.8563%;\"><\/th>\n<\/tr>\n<\/thead>\n<tbody>\n<tr>\n<td style=\"width: 3.44311%;\">1<\/td>\n<td style=\"width: 73.2036%;\">Antifr\u00e1gil (Nassim Nicholas Taleb)<\/td>\n<td style=\"width: 21.8563%;\"><img decoding=\"async\" src=\"https:\/\/img.webadedios.com\/portadas\/antifragil_p.jpg\" alt=\"\" \/><\/td>\n<\/tr>\n<tr>\n<td style=\"width: 3.44311%;\">2<\/td>\n<td style=\"width: 73.2036%;\">C\u00f3mo ser un estoico (Massimo Pigliucci)<\/td>\n<td style=\"width: 21.8563%;\"><img decoding=\"async\" src=\"https:\/\/img.webadedios.com\/portadas\/comoser1estoico_p.jpg\" alt=\"\" \/><\/td>\n<\/tr>\n<tr>\n<td style=\"width: 3.44311%;\">3<\/td>\n<td style=\"width: 73.2036%;\">La danza del coraz\u00f3n sabidur\u00eda sufi<\/td>\n<td style=\"width: 21.8563%;\"><img decoding=\"async\" src=\"https:\/\/img.webadedios.com\/portadas\/ladanzacorazonsufi_p.webp\" alt=\"\" \/><\/td>\n<\/tr>\n<tr>\n<td style=\"width: 3.44311%;\">4<\/td>\n<td style=\"width: 73.2036%;\">Gestiona Mejor Tu Vida Claves y h\u00e1bitos para ser mas productivo y eficaz (Alberto Pena)<\/td>\n<td style=\"width: 21.8563%;\"><img decoding=\"async\" src=\"https:\/\/img.webadedios.com\/portadas\/gestionamejortuvida_p.jpg\" alt=\"\" \/><\/td>\n<\/tr>\n<tr>\n<td style=\"width: 3.44311%;\">5<\/td>\n<td style=\"width: 73.2036%;\">El f\u00fatbol seg\u00fan Bielsa &#8211; salim lamrani<\/td>\n<td style=\"width: 21.8563%;\"><img decoding=\"async\" src=\"https:\/\/img.webadedios.com\/portadas\/elfutbolsegunbielsa_p.jpg\" alt=\"\" \/><\/td>\n<\/tr>\n<tr>\n<td style=\"width: 3.44311%;\">6<\/td>\n<td style=\"width: 73.2036%;\">Estoicismo para Principiantes Gu\u00eda Pr\u00e1ctica para Construir su Propia Rutina Estoica Diaria y Lograr. (Villa, Jos\u00e9)<\/td>\n<td style=\"width: 21.8563%;\"><img decoding=\"async\" src=\"https:\/\/img.webadedios.com\/portadas\/estoicismopprincipntes_p.jpg\" alt=\"\" \/><\/td>\n<\/tr>\n<tr>\n<td style=\"width: 3.44311%;\">7<\/td>\n<td style=\"width: 73.2036%;\">Diario para estoicos 366 reflexiones sobre la sabidur\u00eda, la perseverancia y el arte de vivir (Spanish Edition) (Ryan Holiday, Stephen Hanselman)<\/td>\n<td style=\"width: 21.8563%;\"><img decoding=\"async\" src=\"https:\/\/img.webadedios.com\/portadas\/diarioestoici366_p.jpg\" alt=\"\" \/><\/td>\n<\/tr>\n<tr>\n<td style=\"width: 3.44311%;\">8<\/td>\n<td style=\"width: 73.2036%;\">El Ego Es El Enemigo (Ryan Holiday)<\/td>\n<td style=\"width: 21.8563%;\"><img decoding=\"async\" src=\"https:\/\/img.webadedios.com\/portadas\/egoeselenemigo_p.jpg\" alt=\"\" \/><\/td>\n<\/tr>\n<tr>\n<td style=\"width: 3.44311%;\">9<\/td>\n<td style=\"width: 73.2036%;\">Stanley, Thomas J. &amp; Danko, William D. &#8211; El millonario de la puerta de al lado<\/td>\n<td style=\"width: 21.8563%;\"><img decoding=\"async\" src=\"https:\/\/img.webadedios.com\/portadas\/millonariopuertalado_p.jpg\" alt=\"\" \/><\/td>\n<\/tr>\n<tr>\n<td style=\"width: 3.44311%;\">10<\/td>\n<td style=\"width: 73.2036%;\">Las cinco reglas para invertir en acciones con \u00e9xito &#8211; Pat Dorsey<\/td>\n<td style=\"width: 21.8563%;\"><img decoding=\"async\" src=\"https:\/\/img.webadedios.com\/portadas\/5reglasinvertirexito_p.jpg\" alt=\"\" \/><\/td>\n<\/tr>\n<tr>\n<td style=\"width: 3.44311%;\">11<\/td>\n<td style=\"width: 73.2036%;\">Escuela de Estoicismo Moderno &#8211; Isra Garc\u00eda<\/td>\n<td style=\"width: 21.8563%;\"><img decoding=\"async\" src=\"https:\/\/img.webadedios.com\/portadas\/guiaestoicismomoderno_p.jpg\" alt=\"\" \/><\/td>\n<\/tr>\n<tr>\n<td style=\"width: 3.44311%;\">12<\/td>\n<td style=\"width: 73.2036%;\">Knausgard, Karl Ove &#8211; [Mi lucha 02] Un hombre enamorado<\/td>\n<td style=\"width: 21.8563%;\"><img decoding=\"async\" src=\"https:\/\/img.webadedios.com\/portadas\/unhombreenamorado_p.jpg\" alt=\"\" \/><\/td>\n<\/tr>\n<tr>\n<td style=\"width: 3.44311%;\">13<\/td>\n<td style=\"width: 73.2036%;\">Patria &#8211; Fernando Aramburu<\/td>\n<td style=\"width: 21.8563%;\"><img decoding=\"async\" src=\"https:\/\/img.webadedios.com\/portadas\/patria_aramburu_p.jpg\" alt=\"\" \/><\/td>\n<\/tr>\n<tr>\n<td style=\"width: 3.44311%;\">14<\/td>\n<td style=\"width: 73.2036%;\">Por encima de la lluvia &#8211; V\u00edctor del \u00c1rbol<\/td>\n<td style=\"width: 21.8563%;\"><img decoding=\"async\" src=\"https:\/\/img.webadedios.com\/portadas\/porencimadelalluvia_p.jpg\" alt=\"\" \/><\/td>\n<\/tr>\n<tr>\n<td style=\"width: 3.44311%;\">15<\/td>\n<td style=\"width: 73.2036%;\">Warren Buffett y la interpretaci\u00f3n de estados financieros &#8211; Buffett, Mary &amp; Clark, David<\/td>\n<td style=\"width: 21.8563%;\"><img decoding=\"async\" src=\"https:\/\/img.webadedios.com\/portadas\/warrenintedosfin_p.jpg\" alt=\"\" \/><\/td>\n<\/tr>\n<tr>\n<td style=\"width: 3.44311%;\">16<\/td>\n<td style=\"width: 73.2036%;\">C\u00f3mo Analizar a las Personas La Gu\u00eda Definitiva Para Leer R\u00e1pido a Las Personas Mediante Psicolog\u00eda de Comportamiento (Robert Leary)<\/td>\n<td style=\"width: 21.8563%;\"><img decoding=\"async\" src=\"https:\/\/img.webadedios.com\/portadas\/comoanapers_p.jpg\" alt=\"\" \/><\/td>\n<\/tr>\n<tr>\n<td style=\"width: 3.44311%;\">17<\/td>\n<td style=\"width: 73.2036%;\">El libro negro de la persuasi\u00f3n (Caminos no 1) (Alejandro Llantada)<\/td>\n<td style=\"width: 21.8563%;\"><img decoding=\"async\" src=\"https:\/\/img.webadedios.com\/portadas\/libronegropersiacion_p.jpg\" alt=\"\" \/><\/td>\n<\/tr>\n<tr>\n<td style=\"width: 3.44311%;\">18<\/td>\n<td style=\"width: 73.2036%;\">Estoicismo cotidiano &#8211; Holiday, Ryan &amp; Hanselman, Stephen<\/td>\n<td style=\"width: 21.8563%;\"><img decoding=\"async\" src=\"https:\/\/img.webadedios.com\/portadas\/estoicismocotidiano_p.jpg\" alt=\"\" \/><\/td>\n<\/tr>\n<tr>\n<td style=\"width: 3.44311%;\">19<\/td>\n<td style=\"width: 73.2036%;\">La quietud es la clave (Spanish Edition) (Ryan Holiday)<\/td>\n<td style=\"width: 21.8563%;\"><img decoding=\"async\" src=\"https:\/\/img.webadedios.com\/portadas\/quietudeslaclave_p.jpg\" alt=\"\" \/><\/td>\n<\/tr>\n<tr>\n<td style=\"width: 3.44311%;\">20<\/td>\n<td style=\"width: 73.2036%;\">Manipulaci\u00f3n y Psicolog\u00eda Oscura (Alejandro Mendoza [Mendoza, Alejandro])<\/td>\n<td style=\"width: 21.8563%;\"><img decoding=\"async\" src=\"https:\/\/img.webadedios.com\/portadas\/manipulacionsicoscura_p.jpg\" alt=\"\" \/><\/td>\n<\/tr>\n<tr>\n<td style=\"width: 3.44311%;\">21<\/td>\n<td style=\"width: 73.2036%;\">Mapas de sentido (Jordan B. Peterson)<\/td>\n<td style=\"width: 21.8563%;\"><img decoding=\"async\" src=\"https:\/\/img.webadedios.com\/portadas\/mapassentidos_p.jpg\" alt=\"\" \/><\/td>\n<\/tr>\n<tr>\n<td style=\"width: 3.44311%;\">22<\/td>\n<td style=\"width: 73.2036%;\">La educaci\u00f3n del estoico &#8211; Pessoa, Fernando<\/td>\n<td style=\"width: 21.8563%;\"><img decoding=\"async\" src=\"https:\/\/img.webadedios.com\/portadas\/educestoici_p.jpg\" alt=\"\" \/><\/td>\n<\/tr>\n<tr>\n<td style=\"width: 3.44311%;\">23<\/td>\n<td style=\"width: 73.2036%;\">El Elemento &#8211; Robinson, Ken &amp; Aronica, Lou<\/td>\n<td style=\"width: 21.8563%;\"><img decoding=\"async\" src=\"https:\/\/img.webadedios.com\/portadas\/elelemento_aronica_p.jpg\" alt=\"\" \/><\/td>\n<\/tr>\n<tr>\n<td style=\"width: 3.44311%;\">24<\/td>\n<td style=\"width: 73.2036%;\">Rompe la barrera del no &#8211; Chris Voss<\/td>\n<td style=\"width: 21.8563%;\"><img decoding=\"async\" src=\"https:\/\/img.webadedios.com\/portadas\/rompebarrerano_p.jpg\" alt=\"\" \/><\/td>\n<\/tr>\n<tr>\n<td style=\"width: 3.44311%;\">25<\/td>\n<td style=\"width: 73.2036%;\">Persona normal &#8211; Taibo, Benito<\/td>\n<td style=\"width: 21.8563%;\"><img decoding=\"async\" src=\"https:\/\/img.webadedios.com\/portadas\/personanormal_p.jpg\" alt=\"\" \/><\/td>\n<\/tr>\n<tr>\n<td style=\"width: 3.44311%;\">26<\/td>\n<td style=\"width: 73.2036%;\">Tejedor, Luis &#8211; Seductor<\/td>\n<td style=\"width: 21.8563%;\"><img decoding=\"async\" src=\"https:\/\/img.webadedios.com\/portadas\/seductortej_p.jpg\" alt=\"\" \/><\/td>\n<\/tr>\n<tr>\n<td style=\"width: 3.44311%;\">27<\/td>\n<td style=\"width: 73.2036%;\">Vasconcelos, Jos\u00e9 Mauro de &#8211; Mi planta de naranja lim<\/td>\n<td style=\"width: 21.8563%;\"><img decoding=\"async\" src=\"https:\/\/img.webadedios.com\/portadas\/plantanaranjalima_p.jpg\" alt=\"\" \/><\/td>\n<\/tr>\n<tr>\n<td style=\"width: 3.44311%;\">28<\/td>\n<td style=\"width: 73.2036%;\">Walls, Jeannette &#8211; El castillo de cristal<\/td>\n<td style=\"width: 21.8563%;\"><img decoding=\"async\" src=\"https:\/\/img.webadedios.com\/portadas\/elcastillocristal_p.jpg\" alt=\"\" \/><\/td>\n<\/tr>\n<tr>\n<td style=\"width: 3.44311%;\">29<\/td>\n<td style=\"width: 73.2036%;\">Westover, Tara &#8211; Una educaci\u00f3n<\/td>\n<td style=\"width: 21.8563%;\"><img decoding=\"async\" src=\"https:\/\/img.webadedios.com\/portadas\/1educacion_p.jpg\" alt=\"\" \/><\/td>\n<\/tr>\n<tr>\n<td style=\"width: 3.44311%;\">30<\/td>\n<td style=\"width: 73.2036%;\">Arlidge, M. J. &#8211; [Inspectora Helen Grace 1] Tu te vas, tu te quedas<\/td>\n<td style=\"width: 21.8563%;\"><img decoding=\"async\" src=\"https:\/\/img.webadedios.com\/portadas\/tutevastutquedas_p.jpg\" alt=\"\" \/><\/td>\n<\/tr>\n<tr>\n<td style=\"width: 3.44311%;\">31<\/td>\n<td style=\"width: 73.2036%;\">Benjam\u00edn, Chloe &#8211; Los inmortales<\/td>\n<td style=\"width: 21.8563%;\"><img decoding=\"async\" src=\"https:\/\/img.webadedios.com\/portadas\/losinmortales_p.jpg\" alt=\"\" \/><\/td>\n<\/tr>\n<tr>\n<td style=\"width: 3.44311%;\">32<\/td>\n<td style=\"width: 73.2036%;\">Antonino Augusto, Marco Aurelio &#8211; Meditaciones<\/td>\n<td style=\"width: 21.8563%;\"><img decoding=\"async\" src=\"https:\/\/img.webadedios.com\/portadas\/meditacionesmaurelia_p.jpg\" alt=\"\" \/><\/td>\n<\/tr>\n<tr>\n<td style=\"width: 3.44311%;\">33<\/td>\n<td style=\"width: 73.2036%;\">Breves respuestas a las grandes preguntas (Stephen Hawking)<\/td>\n<td style=\"width: 21.8563%;\"><img decoding=\"async\" src=\"https:\/\/img.webadedios.com\/portadas\/brevesrespagranpreg_p.jpg\" alt=\"\" \/><\/td>\n<\/tr>\n<tr>\n<td style=\"width: 3.44311%;\">34<\/td>\n<td style=\"width: 73.2036%;\">El obst\u00e1culo es el camino El arte inmemorial de convertir las pruebas en triunfo (Para estar bien) (Spanish Edition) (Ryan Holiday)<\/td>\n<td style=\"width: 21.8563%;\"><img decoding=\"async\" src=\"https:\/\/img.webadedios.com\/portadas\/obstaculocamino_p.jpg\" alt=\"\" \/><\/td>\n<\/tr>\n<tr>\n<td style=\"width: 3.44311%;\">35<\/td>\n<td style=\"width: 73.2036%;\">Graham, Benjam\u00edn &#8211; El inversor inteligente<\/td>\n<td style=\"width: 21.8563%;\"><img decoding=\"async\" src=\"https:\/\/img.webadedios.com\/portadas\/elinvinteligente_p.jpg\" alt=\"\" \/><\/td>\n<\/tr>\n<tr>\n<td style=\"width: 3.44311%;\">36<\/td>\n<td style=\"width: 73.2036%;\">Superar la Tormenta Vivir sin miedo ni ansiedad las crisis. Aprende a ser tu propio der y alcanzar tu \u00e9xito. Descubre tu. (Montoya, Flix)<\/td>\n<td style=\"width: 21.8563%;\"><img decoding=\"async\" src=\"https:\/\/img.webadedios.com\/portadas\/superarlatormenta_p.jpg\" alt=\"\" \/><\/td>\n<\/tr>\n<tr>\n<td style=\"width: 3.44311%;\">37<\/td>\n<td style=\"width: 73.2036%;\">N\u00e9mesis de asimov<\/td>\n<td style=\"width: 21.8563%;\"><img decoding=\"async\" src=\"https:\/\/img.webadedios.com\/portadas\/nemesisasimov_p.jpg\" alt=\"\" \/><\/td>\n<\/tr>\n<\/tbody>\n<\/table>\n<\/div>\n<p>La lista va creciendo en el transcurso del a\u00f1o, en <a href=\"https:\/\/webadedios.com\/blog\/2022\/general\/recomiendame-un-libro-2022\/\">recomiendame-un-libro-2022<\/a> se pueden dejar mas recomendaciones<\/p>\n<!--CusAds0-->\n<div style=\"font-size: 0px; height: 0px; line-height: 0px; margin: 0; padding: 0; clear: both;\"><\/div>","protected":false},"excerpt":{"rendered":"<p>El a\u00f1o 2022 le\u00ed bastante, no creo leer tanto este a\u00f1o pero lo intentare Muchos libros de estoicismo, que es mi filosof\u00eda de vida y quiero profundizar m\u00e1s, un tema que me interesa de sobremanera actualmente Esta es Mi lista de libros a leer durante el 2023 En los comentarios de https:\/\/webadedios.com\/blog\/2022\/general\/recomiendame-un-libro-2022\/ se pueden dejar [&hellip;]<\/p>\n","protected":false},"author":1,"featured_media":0,"parent":0,"menu_order":0,"comment_status":"closed","ping_status":"closed","template":"","meta":{"footnotes":""},"class_list":["post-8839","page","type-page","status-publish","hentry"],"_links":{"self":[{"href":"https:\/\/webadedios.com\/blog\/wp-json\/wp\/v2\/pages\/8839","targetHints":{"allow":["GET"]}}],"collection":[{"href":"https:\/\/webadedios.com\/blog\/wp-json\/wp\/v2\/pages"}],"about":[{"href":"https:\/\/webadedios.com\/blog\/wp-json\/wp\/v2\/types\/page"}],"author":[{"embeddable":true,"href":"https:\/\/webadedios.com\/blog\/wp-json\/wp\/v2\/users\/1"}],"replies":[{"embeddable":true,"href":"https:\/\/webadedios.com\/blog\/wp-json\/wp\/v2\/comments?post=8839"}],"version-history":[{"count":0,"href":"https:\/\/webadedios.com\/blog\/wp-json\/wp\/v2\/pages\/8839\/revisions"}],"wp:attachment":[{"href":"https:\/\/webadedios.com\/blog\/wp-json\/wp\/v2\/media?parent=8839"}],"curies":[{"name":"wp","href":"https:\/\/api.w.org\/{rel}","templated":true}]}}