{"id":8343,"date":"2019-01-09T16:03:25","date_gmt":"2019-01-09T22:03:25","guid":{"rendered":"http:\/\/webadedios.com\/blog\/?page_id=8343"},"modified":"2020-11-11T14:06:02","modified_gmt":"2020-11-11T20:06:02","slug":"libros-2019","status":"publish","type":"page","link":"https:\/\/webadedios.com\/blog\/libros-2019\/","title":{"rendered":"Libros 2019"},"content":{"rendered":"<h1><!--?php get_page_title(); ?--><\/h1>\n<p>Mi lista de libros a leer durante el 2019<\/p>\n<p>En los comentarios de <a title=\"Recom\u00e9ndame un libro 2019\" href=\"http:\/\/webadedios.com\/blog\/2019\/libros-lecturas\/recomiendame-un-libro-2019\/\">http:\/\/webadedios.com\/blog\/2019\/libros-lecturas\/recomiendame-un-libro-2019\/<\/a> se pueden dejar mas recomendaciones<\/p>\n<p><strong>editado<\/strong>: Le\u00ed tan solo 22 libros, el resto de la lista pasan a ser acomodados en la <a href=\"http:\/\/webadedios.com\/blog\/libros-2020\/\">lista del 2020<\/a><\/p>\n<div class=\"row\">\n<table class=\"table table-striped\">\n<thead class=\"thead-dark\">\n<tr>\n<td>#<\/td>\n<td>Libro<\/td>\n<td>Portada<\/td>\n<\/tr>\n<\/thead>\n<tbody>\n<tr>\n<td>1<\/td>\n<td>El mu\u00f1eco de nieve &#8211; Jo Nesb\u00f8<\/td>\n<td><img loading=\"lazy\" decoding=\"async\" class=\"alignnone size-medium\" src=\"http:\/\/img.webadedios.com\/muneconiev.jpg\" width=\"100\" height=\"153\" \/><\/td>\n<\/tr>\n<tr>\n<td>2<\/td>\n<td>El inversor inteligente &#8211; Benjamin Graham<\/td>\n<td><img loading=\"lazy\" decoding=\"async\" class=\"alignnone size-medium\" src=\"http:\/\/img.webadedios.com\/invintelignt.jpg\" width=\"100\" height=\"141\" \/><\/td>\n<\/tr>\n<tr>\n<td>3<\/td>\n<td>El Imperio Final &#8211; Brandon Sanderson<\/td>\n<td><img loading=\"lazy\" decoding=\"async\" class=\"alignnone size-medium\" src=\"http:\/\/img.webadedios.com\/impfinal.jpg\" width=\"100\" height=\"154\" \/><\/td>\n<\/tr>\n<tr>\n<td>4<\/td>\n<td>Fuego y Sangre \u2013 George RR Martin<\/td>\n<td><img decoding=\"async\" src=\"http:\/\/img.webadedios.com\/fuegosangre.jpg\" alt=\"fuegoysngre\" \/><\/td>\n<\/tr>\n<tr>\n<td>5<\/td>\n<td>La bailarina de Izu &#8211; Yasunari Kawabata\u00a0\u00a0\u00a0<\/td>\n<td><img decoding=\"async\" src=\"http:\/\/img.webadedios.com\/la-bailarina-de-izu_yasunari-kawabata.jpg\" alt=\"bailarina_izu\" \/><\/td>\n<\/tr>\n<tr>\n<td>6<\/td>\n<td>Doce hombres sin piedad &#8211; Reginald Rose\u00a0\u00a0\u00a0<\/td>\n<td><img decoding=\"async\" src=\"http:\/\/img.webadedios.com\/doce-hombres-sin-piedad.jpg\" alt=\"12 en pugna\" \/><\/td>\n<\/tr>\n<tr>\n<td>7<\/td>\n<td>Masaje er\u00f3tico para parejas &#8211; Kenneth Ray Stubbs<\/td>\n<td><img decoding=\"async\" src=\"http:\/\/img.webadedios.com\/masageero.jpg\" alt=\"masage\" \/><\/td>\n<\/tr>\n<tr>\n<td>8<\/td>\n<td>Los cuatro acuerdos &#8211; Miguel \u00c1ngel Ruiz Mac\u00edas\u00a0\u00a0\u00a0<\/td>\n<td><img decoding=\"async\" src=\"http:\/\/img.webadedios.com\/4-acuerdos.jpg\" alt=\"4acuerdos\" \/><\/td>\n<\/tr>\n<tr>\n<td>9<\/td>\n<td>Estupor y temblores &#8211; Am\u00e9lie Nothomb<\/td>\n<td><img decoding=\"async\" src=\"http:\/\/img.webadedios.com\/estuporytemb.jpg\" alt=\"estupor y temblores\" \/><\/td>\n<\/tr>\n<tr>\n<td>10<\/td>\n<td>Pol\u00edtica econ\u00f3mica &#8211; Ludwig von Mises\u00a0\u00a0\u00a0<\/td>\n<td><img decoding=\"async\" src=\"http:\/\/img.webadedios.com\/politeco.jpg\" alt=\"Politica eco\" \/><\/td>\n<\/tr>\n<tr>\n<td>11<\/td>\n<td>La teor\u00eda de los sentimientos morales &#8211; Adam Smith<\/td>\n<td><img decoding=\"async\" src=\"http:\/\/img.webadedios.com\/teosentmor.jpg\" alt=\"teo sent morales\" \/><\/td>\n<\/tr>\n<tr>\n<td>12<\/td>\n<td>Troll &#8211; Carlos Sis\u00ed\u00a0\u00a0\u00a0<\/td>\n<td><img decoding=\"async\" src=\"http:\/\/img.webadedios.com\/troll-ss.jpg\" alt=\"troll\" \/><\/td>\n<\/tr>\n<tr>\n<td>13<\/td>\n<td>Pienso, luego sufro &#8211; Giorgio Nardone &amp; Giulio De Santis<\/td>\n<td><img decoding=\"async\" src=\"http:\/\/img.webadedios.com\/pienso-luego-sufro.jpg\" alt=\"Pienso luego sufro\" \/><\/td>\n<\/tr>\n<tr>\n<td>14<\/td>\n<td>Micromegas &#8211; Voltaire\u00a0\u00a0\u00a0<\/td>\n<td><img decoding=\"async\" src=\"http:\/\/img.webadedios.com\/micromegas.jpg\" alt=\"micromegas\" \/><\/td>\n<\/tr>\n<tr>\n<td>15<\/td>\n<td>La ley de Parkinson &#8211; Cyril Northcote Parkinson\u00a0\u00a0\u00a0<\/td>\n<td><img decoding=\"async\" src=\"http:\/\/img.webadedios.com\/la-ley-de-parkinson.jpg\" alt=\"Ley de parkinson\" \/><\/td>\n<\/tr>\n<tr>\n<td>16<\/td>\n<td>La lluvia amarilla &#8211; Julio Llamazares<\/td>\n<td><img decoding=\"async\" src=\"http:\/\/img.webadedios.com\/lluviamarilla.jpg\" alt=\"lluvia amarilla\" \/><\/td>\n<\/tr>\n<tr>\n<td>17<\/td>\n<td style=\"height: 19px;\">Psicolog\u00eda de masas del fascismo &#8211; Wilhelm Reich<\/td>\n<td><img decoding=\"async\" src=\"http:\/\/img.webadedios.com\/psicologia-fascismo.jpg\" alt=\"sicologia fascismo\" \/><\/td>\n<\/tr>\n<tr>\n<td>18<\/td>\n<td>Hagakure: El Camino del Samur\u00e1i &#8211; Tsunetomo Yamamoto<\/td>\n<td><img decoding=\"async\" src=\"http:\/\/img.webadedios.com\/hagakure.jpg\" alt=\"Hagakure\" \/><\/td>\n<\/tr>\n<tr>\n<td>19<\/td>\n<td>La ciudad ausente &#8211; Ricardo Piglia<\/td>\n<td><img decoding=\"async\" src=\"http:\/\/img.webadedios.com\/cdausene.jpg\" alt=\"cd ausente\" \/><\/td>\n<\/tr>\n<tr>\n<td>20<\/td>\n<td>Tuya &#8211; Claudia Pi\u00f1eiro\u00a0\u00a0\u00a0<\/td>\n<td><img decoding=\"async\" src=\"http:\/\/img.webadedios.com\/tuya.jpg\" alt=\"Tuya\" \/><\/td>\n<\/tr>\n<tr>\n<td>21<\/td>\n<td>La ola &#8211; Morton Rhu<\/td>\n<td><img decoding=\"async\" src=\"http:\/\/img.webadedios.com\/laola.jpg\" alt=\"La ola\" \/><\/td>\n<\/tr>\n<tr>\n<td>22<\/td>\n<td>La revoluci\u00f3n positiva &#8211; Edward De Bono\u00a0\u00a0\u00a0<\/td>\n<td><img decoding=\"async\" src=\"http:\/\/img.webadedios.com\/revolucionpositiva.jpg\" alt=\"rev pos\" \/><\/td>\n<\/tr>\n<tr>\n<td>23<\/td>\n<td>Recuerda que vas a morir. Vive &#8211; Paul Kalanithi\u00a0\u00a0\u00a0<\/td>\n<td><img decoding=\"async\" src=\"http:\/\/img.webadedios.com\/viverecmor.jpg\" alt=\"vive\" \/><\/td>\n<\/tr>\n<tr>\n<td>25<\/td>\n<td>Mente zen, mente de principiante\u00a0 &#8211; Shunryu Suzuki<\/td>\n<td><img decoding=\"async\" src=\"http:\/\/img.webadedios.com\/mente-zen-mente-de-principiante.jpg\" alt=\"mente zen\" \/><\/td>\n<\/tr>\n<tr>\n<td>26<\/td>\n<td>La b\u00fasqueda del Ki &#8211; Kenji Tokitsu<\/td>\n<td><img decoding=\"async\" src=\"http:\/\/img.webadedios.com\/busqKi.jpg\" alt=\"Ki\" \/><\/td>\n<\/tr>\n<tr>\n<td>27<\/td>\n<td>Aprende a pensar por ti mismo &#8211; Edward De Bono\u00a0\u00a0\u00a0<\/td>\n<td><img decoding=\"async\" src=\"http:\/\/img.webadedios.com\/aprender-a-pensar-por-ti-mismo.jpg\" alt=\"pensar\" \/><\/td>\n<\/tr>\n<tr>\n<td>28<\/td>\n<td>El capit\u00e1n Alatriste &#8211; Arturo P\u00e9rez-Reverte<\/td>\n<td><img decoding=\"async\" src=\"http:\/\/img.webadedios.com\/alatristecapt.jpg\" alt=\"Alatreiste\" \/><\/td>\n<\/tr>\n<tr>\n<td>29<\/td>\n<td>La noche en que Frankenstein ley\u00f3 el Quijote &#8211; Santiago Posteguillo\u00a0\u00a0\u00a0<\/td>\n<td><img decoding=\"async\" src=\"http:\/\/img.webadedios.com\/nochefrankuleyquij.jpg\" alt=\"noche\" \/><\/td>\n<\/tr>\n<tr>\n<td>30<\/td>\n<td>Historia del dinero &#8211; Alan Pauls<\/td>\n<td><img decoding=\"async\" src=\"http:\/\/img.webadedios.com\/histdinero.jpg\" alt=\"hist dinero\" \/><\/td>\n<\/tr>\n<tr>\n<td>31<\/td>\n<td>Los secretos de la mente millonaria\u00a0 &#8211; T. Harv Eker<\/td>\n<td>\u00a0<\/td>\n<\/tr>\n<tr>\n<td>32<\/td>\n<td>Brev\u00edsima historia del tiempo &#8211; Stephen Hawking &amp; Leonard Mlodinow<\/td>\n<td>\u00a0<\/td>\n<\/tr>\n<tr>\n<td>33<\/td>\n<td>El camino del Zen &#8211; Alan Watts\u00a0\u00a0\u00a0<\/td>\n<td>\u00a0<\/td>\n<\/tr>\n<tr>\n<td>34<\/td>\n<td>El arte de no amargarse la vida &#8211; Rafael Santandreu<\/td>\n<td>\u00a0<\/td>\n<\/tr>\n<tr>\n<td>35<\/td>\n<td>El liberalismo no es pecado: La econom\u00eda en cinco lecci&#8230; &#8211; Juan Ram\u00f3n Rallo Juli\u00e1n &amp; Carlos Rodr\u00edguez Braun\u00a0\u00a0\u00a0<\/td>\n<td>\u00a0<\/td>\n<\/tr>\n<tr>\n<td>36<\/td>\n<td>Operaci\u00f3n Masacre &#8211; Rodolfo Walsh<\/td>\n<td>\u00a0<\/td>\n<\/tr>\n<tr>\n<td>37<\/td>\n<td>Cinco ecuaciones que cambiaron el mundo &#8211; Michael Guillen\u00a0\u00a0\u00a0<\/td>\n<td>\u00a0<\/td>\n<\/tr>\n<tr>\n<td>38<\/td>\n<td>La bella del drag\u00f3n &#8211; \u00c1lvaro Cunqueiro\u00a0\u00a0\u00a0<\/td>\n<td>\u00a0<\/td>\n<\/tr>\n<tr>\n<td>39<\/td>\n<td>La historia de tu vida &#8211; Ted Chiang\u00a0\u00a0\u00a0<\/td>\n<td>\u00a0<\/td>\n<\/tr>\n<tr>\n<td>40<\/td>\n<td>El caballero de los Siete Reinos &#8211; George R. R. Martin\u00a0\u00a0\u00a0<\/td>\n<td>\u00a0<\/td>\n<\/tr>\n<tr>\n<td>41<\/td>\n<td>La aventura de los conquistadores &#8211; Juan Antonio Cebri\u00e1n<\/td>\n<td>\u00a0<\/td>\n<\/tr>\n<tr>\n<td>42<\/td>\n<td>La pesca de salm\u00f3n en Yemen &#8211; Paul Torday<\/td>\n<td>\u00a0<\/td>\n<\/tr>\n<tr>\n<td>43<\/td>\n<td>La maravillosa vida breve de \u00d3scar Wao &#8211; Junot D\u00edaz\u00a0\u00a0\u00a0<\/td>\n<td>\u00a0<\/td>\n<\/tr>\n<tr>\n<td>44<\/td>\n<td>Tierra desacostumbrada &#8211; Jhumpa Lahiri\u00a0\u00a0\u00a0<\/td>\n<td>\u00a0<\/td>\n<\/tr>\n<tr>\n<td>45<\/td>\n<td>\u00a1Crear o morir! &#8211; Andr\u00e9s Oppenheimer<\/td>\n<td>\u00a0<\/td>\n<\/tr>\n<tr>\n<td>46<\/td>\n<td>Peque\u00f1o cerdo capitalista: Inversiones para hippies, yu&#8230; &#8211; Sof\u00eda Mac\u00edas<\/td>\n<td>\u00a0<\/td>\n<\/tr>\n<tr>\n<td>47<\/td>\n<td>Poder y mercado &#8211; Murray Newton Rothbard<\/td>\n<td>\u00a0<\/td>\n<\/tr>\n<tr>\n<td>48<\/td>\n<td style=\"height: 19px;\">Un paso por delante de Wall Street &#8211; Peter Lynch<\/td>\n<td>\u00a0<\/td>\n<\/tr>\n<tr>\n<td>49<\/td>\n<td>La canci\u00f3n de Salom\u00f3n &#8211; Toni Morrison<\/td>\n<td>\u00a0<\/td>\n<\/tr>\n<tr>\n<td>50<\/td>\n<td>En el coraz\u00f3n del mar &#8211; Nathaniel Philbrick\u00a0\u00a0\u00a0<\/td>\n<td>\u00a0<\/td>\n<\/tr>\n<tr>\n<td>51<\/td>\n<td>Un hombre enamorado &#8211; Karl Ove Knausg\u00e5rd<\/td>\n<td>\u00a0<\/td>\n<\/tr>\n<tr>\n<td>52<\/td>\n<td>\u00a0<\/td>\n<td>\u00a0<\/td>\n<\/tr>\n<tr>\n<td>53<\/td>\n<td>\u00a0<\/td>\n<td>\u00a0<\/td>\n<\/tr>\n<tr>\n<td>54<\/td>\n<td>\u00a0<\/td>\n<td>\u00a0<\/td>\n<\/tr>\n<tr>\n<td>55<\/td>\n<td>\u00a0<\/td>\n<td>\u00a0<\/td>\n<\/tr>\n<tr>\n<td>56<\/td>\n<td>\u00a0<\/td>\n<td>\u00a0<\/td>\n<\/tr>\n<tr>\n<td>&#8230;<\/td>\n<td>\u00a0<\/p>\n<p>&nbsp;<\/p>\n<p>M\u00e9xico Bizarro &#8211; Alejandro Rosas y Julio Pat\u00e1n<\/p>\n<p><strong>Leyendo fuera de orden &#8212;&gt;<br \/>cuando no tengo a la mano mis otras lecturas<\/strong><\/p>\n<p>&nbsp;<\/p>\n<\/td>\n<td><img loading=\"lazy\" decoding=\"async\" class=\"alignnone size-medium\" src=\"http:\/\/img.webadedios.com\/mxbizarr.jpg\" width=\"100\" height=\"154\" \/><\/td>\n<\/tr>\n<\/tbody>\n<\/table>\n<\/div>\n<!--CusAds0-->\n<div style=\"font-size: 0px; height: 0px; line-height: 0px; margin: 0; padding: 0; clear: both;\"><\/div>","protected":false},"excerpt":{"rendered":"<p>Mi lista de libros a leer durante el 2019 En los comentarios de http:\/\/webadedios.com\/blog\/2019\/libros-lecturas\/recomiendame-un-libro-2019\/ se pueden dejar mas recomendaciones editado: Le\u00ed tan solo 22 libros, el resto de la lista pasan a ser acomodados en la lista del 2020 # Libro Portada 1 El mu\u00f1eco de nieve &#8211; Jo Nesb\u00f8 2 El inversor inteligente &#8211; [&hellip;]<\/p>\n","protected":false},"author":1,"featured_media":0,"parent":0,"menu_order":0,"comment_status":"closed","ping_status":"closed","template":"","meta":{"footnotes":""},"class_list":["post-8343","page","type-page","status-publish","hentry"],"_links":{"self":[{"href":"https:\/\/webadedios.com\/blog\/wp-json\/wp\/v2\/pages\/8343","targetHints":{"allow":["GET"]}}],"collection":[{"href":"https:\/\/webadedios.com\/blog\/wp-json\/wp\/v2\/pages"}],"about":[{"href":"https:\/\/webadedios.com\/blog\/wp-json\/wp\/v2\/types\/page"}],"author":[{"embeddable":true,"href":"https:\/\/webadedios.com\/blog\/wp-json\/wp\/v2\/users\/1"}],"replies":[{"embeddable":true,"href":"https:\/\/webadedios.com\/blog\/wp-json\/wp\/v2\/comments?post=8343"}],"version-history":[{"count":0,"href":"https:\/\/webadedios.com\/blog\/wp-json\/wp\/v2\/pages\/8343\/revisions"}],"wp:attachment":[{"href":"https:\/\/webadedios.com\/blog\/wp-json\/wp\/v2\/media?parent=8343"}],"curies":[{"name":"wp","href":"https:\/\/api.w.org\/{rel}","templated":true}]}}