{"id":8143,"date":"2018-03-09T23:45:10","date_gmt":"2018-03-10T05:45:10","guid":{"rendered":"http:\/\/webadedios.com\/blog\/?page_id=8143"},"modified":"2020-11-11T14:07:51","modified_gmt":"2020-11-11T20:07:51","slug":"libros-2018","status":"publish","type":"page","link":"https:\/\/webadedios.com\/blog\/libros-2018\/","title":{"rendered":"Libros 2018"},"content":{"rendered":"<p>Mi lista de libros a leer durante el 2018 abajo en comentarios puede recomendarme alg\u00fan libro<\/p>\n<div class=\"row\">\n<table class=\"table table-striped\">\n<thead class=\"thead-dark\">\n<tr>\n<td>#<\/td>\n<td>Libro<\/td>\n<td>Portada<\/td>\n<\/tr>\n<\/thead>\n<tbody>\n<tr>\n<td>1<\/td>\n<td>Ready Player One &#8211; <span class=\"st\">Cline, Ernest<\/span><\/p>\n<ul>\n<li class=\"w-blog-post-title entry-title\"><a href=\"http:\/\/webadedios.com\/blog\/2018\/libros-lecturas\/leere-ready-player-one-de-ernest-cline\/\">Leer\u00e9 Ready Player One de Ernest Cline<\/a><\/li>\n<\/ul>\n<\/td>\n<td><img loading=\"lazy\" decoding=\"async\" class=\"alignnone size-medium\" src=\"http:\/\/img.webadedios.com\/readypyrone_l.jpg\" alt=\"ready_player_one\" width=\"100\" height=\"150\" \/><\/td>\n<\/tr>\n<tr>\n<td>2<\/td>\n<td>Cr\u00f3nica de una muerte anunciada &#8211; Gabriel Garc\u00eda M\u00e1rquez<\/p>\n<ul>\n<li class=\"w-blog-post-title entry-title\"><a href=\"http:\/\/webadedios.com\/blog\/2018\/libros-lecturas\/leere-cronica-de-una-muerte-anunciada-de-gabriel-garcia-marquez\/\">Leer\u00e9 Cr\u00f3nica de una muerte anunciada de Gabriel Garc\u00eda M\u00e1rquez<\/a><\/li>\n<\/ul>\n<\/td>\n<td><img decoding=\"async\" src=\"http:\/\/img.webadedios.com\/cronica_muertea_p.jpg\" alt=\"cr\u00f3nica\" \/><\/td>\n<\/tr>\n<tr>\n<td>3<\/td>\n<td>La perla &#8211; John Steinbeck<\/p>\n<ul>\n<li class=\"w-blog-post-title entry-title\"><a href=\"http:\/\/webadedios.com\/blog\/2018\/libros-lecturas\/leere-la-perla-de-john-steinbeck\/\">Leer\u00e9 La perla de John Steinbeck<\/a><\/li>\n<\/ul>\n<\/td>\n<td><img decoding=\"async\" src=\"http:\/\/img.webadedios.com\/laperlajs_p.jpg\" alt=\"laperla\" \/><\/td>\n<\/tr>\n<tr>\n<td>4<\/td>\n<td>Lo bello y lo triste &#8211; Yasunari Kawabata<\/p>\n<ul>\n<li class=\"w-blog-post-title entry-title\"><a href=\"http:\/\/webadedios.com\/blog\/2018\/libros-lecturas\/leere-lo-bello-y-lo-triste-de-yasunari-kawabata\/\">Leer\u00e9 Lo bello y lo triste de Yasunari Kawabata<\/a><\/li>\n<\/ul>\n<\/td>\n<td><img loading=\"lazy\" decoding=\"async\" class=\"alignnone size-medium\" src=\"http:\/\/img.webadedios.com\/lo-bello-y-lo-triste_l.jpg\" alt=\"Lo bello y lo triste\" width=\"100\" height=\"151\" \/><\/td>\n<\/tr>\n<tr>\n<td>5<\/td>\n<td>Elogio del caminar &#8211; David Le Breton<\/p>\n<ul>\n<li><a href=\"http:\/\/webadedios.com\/blog\/2018\/libros-lecturas\/leere-elogio-del-caminar-de-david-le-breton\/\">Leer\u00e9 Elogio del caminar de David Le Breton<\/a><\/li>\n<\/ul>\n<\/td>\n<td><img loading=\"lazy\" decoding=\"async\" class=\"alignnone size-medium\" src=\"http:\/\/img.webadedios.com\/elogiocaminar_l.jpg\" alt=\"elogio caminar\" width=\"100\" height=\"137\" \/><\/td>\n<\/tr>\n<tr>\n<td>6<\/td>\n<td>Agosto &#8211; Tracy Letts<\/p>\n<ul>\n<li><a href=\"http:\/\/webadedios.com\/blog\/2018\/libros-lecturas\/leere-agosto-de-tracy-letts\/\">Leer\u00e9 Agosto de Tracy Letts<\/a><\/li>\n<\/ul>\n<\/td>\n<td><img loading=\"lazy\" decoding=\"async\" class=\"alignnone size-medium\" src=\"http:\/\/img.webadedios.com\/agosto_l.jpg\" alt=\"Agosto\" width=\"100\" height=\"153\" \/><\/td>\n<\/tr>\n<tr>\n<td height=\"16\">7<\/td>\n<td>El ojo de jade &#8211; Diane Wei Liang<\/p>\n<ul>\n<li><a href=\"http:\/\/webadedios.com\/blog\/2018\/libros-lecturas\/leere-el-ojo-de-jade-de-diane-wei-liang\/\">Leer\u00e9 El ojo de jade de Diane Wei Liang<\/a><\/li>\n<\/ul>\n<\/td>\n<td><img loading=\"lazy\" decoding=\"async\" class=\"alignnone size-medium\" src=\"http:\/\/img.webadedios.com\/ojojade_l.jpg\" alt=\"Ojo de jade\" width=\"100\" height=\"153\" \/><\/td>\n<\/tr>\n<tr>\n<td>8<\/td>\n<td>Confesiones de un g\u00e1ngster econ\u00f3mico &#8211; John Perkins<\/p>\n<ul>\n<li><a href=\"http:\/\/webadedios.com\/blog\/2018\/libros-lecturas\/leere-confesiones-de-un-gangster-economico-de-john-perkins\/\">Leer\u00e9 Confesiones de un g\u00e1ngster econ\u00f3mico &#8211; John Perkins<\/a><\/li>\n<\/ul>\n<\/td>\n<td><img loading=\"lazy\" decoding=\"async\" class=\"alignnone size-medium\" src=\"http:\/\/img.webadedios.com\/ganstereco_l.jpg\" alt=\"Confesiones de un G\u00e1nster Econ\u00f3mico\" width=\"100\" height=\"153\" \/><\/td>\n<\/tr>\n<tr>\n<td>9<\/td>\n<td>La estrategia del par\u00e1sito &#8211; C\u00e9sar Mallorqu\u00ed<\/p>\n<ul>\n<li><a href=\"http:\/\/webadedios.com\/blog\/2018\/libros-lecturas\/leere-la-estrategia-del-parasito-de-cesar-mallorqui\/\">Leer\u00e9 La estrategia del par\u00e1sito &#8211; C\u00e9sar Mallorqu\u00ed<\/a><\/li>\n<\/ul>\n<\/td>\n<td><img loading=\"lazy\" decoding=\"async\" class=\"alignnone size-medium\" src=\"http:\/\/img.webadedios.com\/la-estrategia-del-parasito_l.jpg\" alt=\"La estrategia del par\u00e1sito\" width=\"100\" height=\"143\" \/><\/td>\n<\/tr>\n<tr>\n<td>10<\/td>\n<td>El libro negro del emprendedor &#8211; Fernando Tr\u00edas de Bes<\/p>\n<ul>\n<li><a href=\"http:\/\/webadedios.com\/blog\/2018\/libros-lecturas\/leere-el-libro-negro-del-emprendedor-de-fernando-trias-de-bes\/\">Leer\u00e9 El libro negro del emprendedor de Fernando Tr\u00edas de Bes<\/a><\/li>\n<\/ul>\n<\/td>\n<td><img loading=\"lazy\" decoding=\"async\" class=\"alignnone size-medium\" src=\"http:\/\/img.webadedios.com\/libronegroemp_l.jpg\" alt=\"Libro negro del emprendedor\" width=\"100\" height=\"157\" \/><\/td>\n<\/tr>\n<tr>\n<td>11<\/td>\n<td>Amos y Mazmorras I &#8211; Lena Valenti<\/p>\n<ul>\n<li><a href=\"http:\/\/webadedios.com\/blog\/2018\/libros-lecturas\/leere-la-doma-amos-y-mazmorras-i-de-lena-valenti\/\">Leer\u00e9 La doma, Amos y Mazmorras I de Lena Valenti<\/a><\/li>\n<\/ul>\n<\/td>\n<td><img loading=\"lazy\" decoding=\"async\" class=\"alignnone size-medium\" src=\"http:\/\/img.webadedios.com\/amosmaz1_l.jpg\" alt=\"Amos y masmorras I\" width=\"100\" height=\"153\" \/><\/td>\n<\/tr>\n<tr>\n<td>12<\/td>\n<td>Un mill\u00f3n de gotas -V\u00edctor del \u00c1rbol<\/p>\n<ul>\n<li><a href=\"http:\/\/webadedios.com\/blog\/2018\/libros-lecturas\/leere-un-millon-de-gotas-de-victor-del-arbol\/\">Leer\u00e9 Un mill\u00f3n de gotas de V\u00edctor del \u00c1rbol<\/a><\/li>\n<\/ul>\n<\/td>\n<td><img loading=\"lazy\" decoding=\"async\" class=\"alignnone size-medium\" src=\"http:\/\/img.webadedios.com\/millongotas_l.jpg\" alt=\"1 Mill\u00f3n de gotas\" width=\"100\" height=\"172\" \/><\/td>\n<\/tr>\n<tr>\n<td>13<\/td>\n<td>El hombre m\u00e1s rico de Babilonia &#8211; George S. Clason<\/p>\n<ul>\n<li><a href=\"http:\/\/webadedios.com\/blog\/2018\/libros-lecturas\/leere-el-hombre-mas-rico-de-babilonia-de-george-s-clason\/\">Leer\u00e9 El hombre m\u00e1s rico de Babilonia de George S. Clason<\/a><\/li>\n<\/ul>\n<\/td>\n<td><img loading=\"lazy\" decoding=\"async\" class=\"alignnone size-medium\" src=\"http:\/\/img.webadedios.com\/hombrericobabolonia_p.jpg\" alt=\"Hombre mas rico de babilonia\" width=\"100\" height=\"152\" \/><\/td>\n<\/tr>\n<tr>\n<td>14<\/td>\n<td>Sharpe y el tigre de Bengala &#8211; Bernard Cornwell<\/p>\n<ul>\n<li><a href=\"http:\/\/webadedios.com\/blog\/2018\/libros-lecturas\/leere-sharpe-y-el-tigre-de-bengala-de-bernard-cornwell\/\">Leer\u00e9 Sharpe y el tigre de Bengala de Bernard Cornwell<\/a><\/li>\n<\/ul>\n<\/td>\n<td><img loading=\"lazy\" decoding=\"async\" class=\"alignnone size-medium\" src=\"http:\/\/img.webadedios.com\/shapetigre_l.jpg\" alt=\"Shape\" width=\"100\" height=\"153\" \/><\/td>\n<\/tr>\n<tr>\n<td>15<\/td>\n<td>Once anillos Phil Jackson &amp; Hugh Delehanty<\/p>\n<ul>\n<li><a href=\"http:\/\/webadedios.com\/blog\/2018\/libros-lecturas\/leere-once-anillos-phil-jackson-hugh-delehanty\/\">Leer\u00e9 Once anillos Phil Jackson &amp; Hugh Delehanty<\/a><\/li>\n<\/ul>\n<\/td>\n<td><img loading=\"lazy\" decoding=\"async\" class=\"alignnone size-medium\" src=\"http:\/\/img.webadedios.com\/11anillospjackson.jpg\" width=\"100\" height=\"153\" \/><\/td>\n<\/tr>\n<tr>\n<td>16<\/td>\n<td>Pensar r\u00e1pido, pensar despacio &#8211; Daniel Kahneman<\/p>\n<ul>\n<li><a href=\"http:\/\/webadedios.com\/blog\/2018\/libros-lecturas\/leere-pensar-rapido-pensar-despacio-de-daniel-kahneman\/\">Pensar r\u00e1pido, pensar despacio de Daniel Kahneman<\/a><\/li>\n<\/ul>\n<\/td>\n<td><img loading=\"lazy\" decoding=\"async\" class=\"alignnone size-medium\" src=\"http:\/\/img.webadedios.com\/pensar_rapdes.jpg\" width=\"100\" height=\"152\" \/><\/td>\n<\/tr>\n<tr>\n<td>17<\/td>\n<td>Econom\u00eda sin corbata &#8211; Yanis Varoufakis<\/p>\n<ul>\n<li><a href=\"http:\/\/webadedios.com\/blog\/2019\/libros-lecturas\/leere-economia-sin-corbata-yanis-varoufakis\/\">Leer\u00e9 Econom\u00eda sin corbata \u2013 Yanis Varoufakis<\/a><\/li>\n<\/ul>\n<\/td>\n<td><img loading=\"lazy\" decoding=\"async\" class=\"alignnone size-medium\" src=\"http:\/\/img.webadedios.com\/ecosincorbata.jpg\" width=\"100\" height=\"152\" \/><\/td>\n<\/tr>\n<tr>\n<td>18<\/td>\n<td>El hombre que confundi\u00f3 a su mujer con un sombrero &#8211; Oliver Sacks<\/p>\n<ul>\n<li><a href=\"http:\/\/webadedios.com\/blog\/2019\/libros-lecturas\/leere-el-hombre-que-confundio-a-su-mujer-con-un-sombrero-de-oliver-sacks\/\">Leer\u00e9 El hombre que confundi\u00f3 a su mujer con un sombrero de Oliver Sacks<\/a><\/li>\n<\/ul>\n<\/td>\n<td><img loading=\"lazy\" decoding=\"async\" class=\"alignnone size-medium\" src=\"http:\/\/img.webadedios.com\/cmbiomujsombrero.jpg\" width=\"100\" height=\"152\" \/><\/td>\n<\/tr>\n<tr>\n<td>19<\/td>\n<td>La empresa emergente &#8211; Rafael Echeverr\u00eda<\/p>\n<ul>\n<li><a href=\"http:\/\/webadedios.com\/blog\/2019\/libros-lecturas\/la-empresa-emergente-de-rafael-echeverria\/\">La empresa emergente de Rafael Echeverr\u00eda<\/a><\/li>\n<\/ul>\n<\/td>\n<td><img loading=\"lazy\" decoding=\"async\" class=\"alignnone size-medium\" src=\"http:\/\/img.webadedios.com\/empresaemergente.jpg\" width=\"100\" height=\"151\" \/><\/td>\n<\/tr>\n<tr>\n<td>20<\/td>\n<td>La muerte del padre &#8211; Karl Ove Knausg\u00e5rd<\/p>\n<ul>\n<li><a href=\"http:\/\/webadedios.com\/blog\/2019\/libros-lecturas\/la-muerte-del-padre-de-karl-ove-knausgard\/\">Leer\u00e9 La muerte del padre de Karl Ove Knausg\u00e5rd<\/a><\/li>\n<\/ul>\n<p><strong>\u00faltimo libro del a\u00f1o &#8212;&gt;<\/strong><\/td>\n<td><img loading=\"lazy\" decoding=\"async\" class=\"alignnone size-medium\" src=\"http:\/\/img.webadedios.com\/muertepadre.jpg\" width=\"100\" height=\"152\" \/><\/td>\n<\/tr>\n<tr>\n<td>21<\/td>\n<td><span style=\"color: #999999;\">El mu\u00f1eco de nieve &#8211; Jo Nesb\u00f8<\/span><\/td>\n<td><img loading=\"lazy\" decoding=\"async\" class=\"alignnone size-medium\" src=\"http:\/\/img.webadedios.com\/muneconiev.jpg\" width=\"100\" height=\"153\" \/><\/td>\n<\/tr>\n<tr>\n<td>22<\/td>\n<td><span style=\"color: #999999;\">El inversor inteligente &#8211; Benjamin Graham<\/span><\/td>\n<td><img loading=\"lazy\" decoding=\"async\" class=\"alignnone size-medium\" src=\"http:\/\/img.webadedios.com\/invintelignt.jpg\" width=\"100\" height=\"141\" \/><\/td>\n<\/tr>\n<tr>\n<td>23<\/td>\n<td><span style=\"color: #999999;\">El Imperio Final &#8211; Brandon Sanderson<\/span><\/td>\n<td><img loading=\"lazy\" decoding=\"async\" class=\"alignnone size-medium\" src=\"http:\/\/img.webadedios.com\/impfinal.jpg\" width=\"100\" height=\"154\" \/><\/td>\n<\/tr>\n<tr>\n<td>24<\/td>\n<td>\u00a0 M\u00e9xico Bizarro &#8211; Alejandro Rosas y Julio Pat\u00e1n <strong>Leyendo fuera de orden &#8212;&gt; cuando no tengo a la mano mis otras lecturas<\/strong><\/td>\n<td><img loading=\"lazy\" decoding=\"async\" class=\"alignnone size-medium\" src=\"http:\/\/img.webadedios.com\/mxbizarr.jpg\" width=\"100\" height=\"154\" \/><\/td>\n<\/tr>\n<\/tbody>\n<\/table>\n<\/div>\n<!--CusAds0-->\n<div style=\"font-size: 0px; height: 0px; line-height: 0px; margin: 0; padding: 0; clear: both;\"><\/div>","protected":false},"excerpt":{"rendered":"<p>Mi lista de libros a leer durante el 2018 abajo en comentarios puede recomendarme alg\u00fan libro # Libro Portada 1 Ready Player One &#8211; Cline, Ernest Leer\u00e9 Ready Player One de Ernest Cline 2 Cr\u00f3nica de una muerte anunciada &#8211; Gabriel Garc\u00eda M\u00e1rquez Leer\u00e9 Cr\u00f3nica de una muerte anunciada de Gabriel Garc\u00eda M\u00e1rquez 3 La [&hellip;]<\/p>\n","protected":false},"author":1,"featured_media":0,"parent":0,"menu_order":0,"comment_status":"open","ping_status":"closed","template":"","meta":{"footnotes":""},"class_list":["post-8143","page","type-page","status-publish","hentry"],"_links":{"self":[{"href":"https:\/\/webadedios.com\/blog\/wp-json\/wp\/v2\/pages\/8143","targetHints":{"allow":["GET"]}}],"collection":[{"href":"https:\/\/webadedios.com\/blog\/wp-json\/wp\/v2\/pages"}],"about":[{"href":"https:\/\/webadedios.com\/blog\/wp-json\/wp\/v2\/types\/page"}],"author":[{"embeddable":true,"href":"https:\/\/webadedios.com\/blog\/wp-json\/wp\/v2\/users\/1"}],"replies":[{"embeddable":true,"href":"https:\/\/webadedios.com\/blog\/wp-json\/wp\/v2\/comments?post=8143"}],"version-history":[{"count":0,"href":"https:\/\/webadedios.com\/blog\/wp-json\/wp\/v2\/pages\/8143\/revisions"}],"wp:attachment":[{"href":"https:\/\/webadedios.com\/blog\/wp-json\/wp\/v2\/media?parent=8143"}],"curies":[{"name":"wp","href":"https:\/\/api.w.org\/{rel}","templated":true}]}}