{"id":7729,"date":"2016-01-02T20:01:19","date_gmt":"2016-01-03T02:01:19","guid":{"rendered":"http:\/\/webadedios.com\/blog\/?page_id=7729"},"modified":"2020-11-11T14:13:52","modified_gmt":"2020-11-11T20:13:52","slug":"libros-2016","status":"publish","type":"page","link":"https:\/\/webadedios.com\/blog\/libros-2016\/","title":{"rendered":"Libros 2016"},"content":{"rendered":"<p>Con un total 23 libros de esta lista figuran en <a href=\"http:\/\/webadedios.com\/blog\/libros-2015\/\">lista de libros por leer del 2015<\/a> y completamos con mas libros, esta es mi lista de libros a leer durante el 2016 En el 2015 deje de leer por meses, no le\u00ed ning\u00fan libro desde agosto, espero agarrar de nuevo el ritmo de lectura desde inicio de a\u00f1o <strong>Siempre aceptando recomendaciones<\/strong> Tengo una lista de libros pendientes, que no se agrega a esta lista, que es m\u00e1s extensa, libros de R.R. Martin entre otros quedaran pendientes para el siguiente a\u00f1o hasta abajo en comentarios puede agregarme alg\u00fan libro<\/p>\n<div class=\"row\">\n<table class=\"table table-striped\">\n<thead class=\"thead-dark\">\n<tr>\n<td>#<\/td>\n<td>Libro<\/td>\n<td>Portada<\/td>\n<\/tr>\n<\/thead>\n<tbody>\n<tr>\n<td align=\"RIGHT\" height=\"16\">1<\/td>\n<td>Fiebre y Lanza &#8211; Javier Mar\u00edas<\/p>\n<ul>\n<li><a href=\"http:\/\/webadedios.com\/blog\/2015\/libros-lecturas\/leere-tu-rostro-manana-1-fiebre-y-lanza-de-javier-marias\/\">Por que lo leer\u00e9<\/a><\/li>\n<\/ul>\n<p>&nbsp;<\/td>\n<td><img decoding=\"async\" title=\"fiebre y lanza\" src=\"http:\/\/img.webadedios.com\/fiebre-lanza_p.jpg\" alt=\"fiebre y lanza\" \/><\/td>\n<\/tr>\n<tr>\n<td>2<\/td>\n<td>Neuromante &#8211; William Gibson<\/p>\n<ul>\n<li><a href=\"http:\/\/webadedios.com\/blog\/2016\/libros-lecturas\/leere-neuromante-de-william-gibson\/\">Por qu\u00e9 lo leer\u00e9<\/a><\/li>\n<\/ul>\n<p>&nbsp;<\/td>\n<td><img decoding=\"async\" title=\"neuromante\" src=\"http:\/\/img.webadedios.com\/neuromante_p.jpg\" alt=\"neuromante\" \/><\/td>\n<\/tr>\n<tr>\n<td>3<\/td>\n<td>El hombre en el castillo &#8211; Philip K. Dick<\/p>\n<ul>\n<li><a href=\"http:\/\/webadedios.com\/blog\/2016\/libros-lecturas\/leere-el-hombre-en-el-castillo-de-philip-k-dick\/\">Por qu\u00e9 lo leer\u00e9<\/a><\/li>\n<\/ul>\n<\/td>\n<td><img decoding=\"async\" title=\"Hombre en el castillo\" src=\"http:\/\/img.webadedios.com\/hombrencastillo_p.jpg\" alt=\"hombre en el castillo\" \/><\/td>\n<\/tr>\n<tr>\n<td>4<\/td>\n<td>Los caminantes. (Los caminantes 1 ) &#8211; Carlos Sisi<\/p>\n<ul>\n<li><a href=\"http:\/\/webadedios.com\/blog\/2016\/libros-lecturas\/leere-los-caminantes-los-caminantes-1-de-carlos-sisi\/\">Por qu\u00e9 lo leer\u00e9<\/a><\/li>\n<\/ul>\n<p>&nbsp;<\/td>\n<td><img decoding=\"async\" title=\"los caminantes\" src=\"http:\/\/img.webadedios.com\/los-caminantes_p.jpg\" alt=\"los caminantes\" \/><\/td>\n<\/tr>\n<tr>\n<td>5<\/td>\n<td>Necr\u00f3polis. (Los caminantes 2 ) &#8211; Carlos Sisi<\/p>\n<ul>\n<li><a href=\"http:\/\/webadedios.com\/blog\/2016\/libros-lecturas\/leere-necropolis-los-caminantes-2-de-carlos-sisi\/\">Por qu\u00e9 lo leer\u00e9<\/a><\/li>\n<\/ul>\n<\/td>\n<td><img decoding=\"async\" title=\"necropolis\" src=\"http:\/\/img.webadedios.com\/necropolis_p.jpg\" alt=\"necropolis\" \/><\/td>\n<\/tr>\n<tr>\n<td>6<\/td>\n<td>Hades Nebula. (Los caminantes 3 ) &#8211; Carlos Sisi<\/p>\n<ul>\n<li><a href=\"http:\/\/webadedios.com\/blog\/2016\/libros-lecturas\/leere-hades-nebula-los-caminantes-3-de-carlos-sisi\/\">Por qu\u00e9 lo leer\u00e9<\/a><\/li>\n<\/ul>\n<\/td>\n<td><img decoding=\"async\" title=\"hades nebula\" src=\"http:\/\/img.webadedios.com\/hades-nebula_p.jpg\" alt=\"hades nebula\" \/><\/td>\n<\/tr>\n<tr>\n<td>7<\/td>\n<td>Anatema &#8211; Neal Stephenson<\/p>\n<ul>\n<li>Por qu\u00e9 lo leer\u00e9<\/li>\n<\/ul>\n<p>&nbsp;<\/td>\n<td><img decoding=\"async\" title=\"anatema\" src=\"http:\/\/img.webadedios.com\/anatema_p.jpg\" alt=\"anatema\" \/><\/td>\n<\/tr>\n<tr>\n<td>8<\/td>\n<td>Dinero f\u00e1cil. (Trilog\u00eda negra de Estocolmo 1 ) &#8211; Jens Lapidus<\/td>\n<td><img decoding=\"async\" title=\"dinero facil\" src=\"http:\/\/img.webadedios.com\/dinerofacil_p.jpg\" alt=\"dinero facil\" \/><\/td>\n<\/tr>\n<tr>\n<td>9<\/td>\n<td>Nunca la jodas. (Trilog\u00eda negra de Estocolmo 2 ) &#8211; Jens Lapidus<\/td>\n<td><img decoding=\"async\" title=\"nunca la jodas\" src=\"http:\/\/img.webadedios.com\/nunca-jodas_p.jpg\" alt=\"nunca a jodas\" \/><\/td>\n<\/tr>\n<tr>\n<td>10<\/td>\n<td>Una vida de lujo. (Trilog\u00eda negra de Estocolmo 3 ) &#8211; Jens Lapidus<\/td>\n<td><img decoding=\"async\" title=\"una vida delujo\" src=\"http:\/\/img.webadedios.com\/una-vida-lujo_p.jpg\" alt=\"una vida de lujo\" \/><\/td>\n<\/tr>\n<tr>\n<td>11<\/td>\n<td>Como detectar mentiras . Una gu\u00eda para utilizar en el trabajo, la pol\u00edtica y la familia &#8211; Paul Ekman<\/td>\n<td><img decoding=\"async\" title=\"como detectar entiras\" src=\"http:\/\/img.webadedios.com\/detectarmentiras_p.jpg\" alt=\"como detectar mentiras\" \/><\/td>\n<\/tr>\n<tr>\n<td>12<\/td>\n<td>Historia del loco &#8211; Jon Katzenbach<\/td>\n<td><img decoding=\"async\" title=\"historia delloco\" src=\"http:\/\/img.webadedios.com\/historia-del-loco_p.jpg\" alt=\"historia del loco\" \/><\/td>\n<\/tr>\n<tr>\n<td>13<\/td>\n<td>Ada o el ardor &#8211; Vladimir Nabokov<\/td>\n<td><img decoding=\"async\" title=\"ada\" src=\"http:\/\/img.webadedios.com\/ada_p.jpg\" alt=\"Ada o el hardor\" \/><\/td>\n<\/tr>\n<tr>\n<td height=\"16\">14<\/td>\n<td>Acacia &#8211; Anthony Durham.<\/td>\n<td><img decoding=\"async\" src=\"http:\/\/img.webadedios.com\/acaciadurham_p.jpg\" alt=\"acacia\" \/><\/td>\n<\/tr>\n<tr>\n<td>15<\/td>\n<td>Secretos de alcoba de los grandes chefs &#8211; Irvine Welsh<\/td>\n<td><img decoding=\"async\" src=\"http:\/\/img.webadedios.com\/salcochef_p.jpg\" alt=\"secretos\" \/><\/td>\n<\/tr>\n<tr>\n<td>16<\/td>\n<td>Tuya &#8211; Claudia Pi\u00f1ero<\/td>\n<td><img decoding=\"async\" src=\"http:\/\/img.webadedios.com\/tuyacp_p.jpg\" alt=\"tuya\" \/><\/td>\n<\/tr>\n<tr>\n<td>17<\/td>\n<td>La aventura de los conquistadores &#8211; Juan Antonio Cebri\u00e1n<\/td>\n<td><img decoding=\"async\" src=\"http:\/\/img.webadedios.com\/avconq_p.jpg\" alt=\"aventura\" \/><\/td>\n<\/tr>\n<tr>\n<td>18<\/td>\n<td>Cometas en el cielo &#8211; Khaled Hosseini<\/td>\n<td><img decoding=\"async\" src=\"http:\/\/img.webadedios.com\/cometascielo.jpg\" alt=\"cometas\" \/><\/td>\n<\/tr>\n<tr>\n<td>19<\/td>\n<td>Bendici\u00f3n de la tierra &#8211; Knut Hamsun<\/td>\n<td><img decoding=\"async\" src=\"http:\/\/img.webadedios.com\/bendiciondelatierra.jpg\" alt=\"bendici\u00f3n\" \/><\/td>\n<\/tr>\n<tr>\n<td>20<\/td>\n<td>Tierra desacostumbrada &#8211; Jhumpa Lahiri<\/td>\n<td><img decoding=\"async\" src=\"http:\/\/img.webadedios.com\/tierradesacost.jpg\" alt=\"desacostumbrada\" \/><\/td>\n<\/tr>\n<tr>\n<td>21<\/td>\n<td>La acci\u00f3n humana &#8211; Ludwig von Mises<\/td>\n<td><img decoding=\"async\" src=\"http:\/\/img.webadedios.com\/accionhumana.jpg\" alt=\"tratado\" \/><\/td>\n<\/tr>\n<tr>\n<td>22<\/td>\n<td>Cr\u00f3nica de una muerte anunciada &#8211; Gabriel Garc\u00eda M\u00e1rquez<\/td>\n<td><img decoding=\"async\" src=\"http:\/\/img.webadedios.com\/cronica_muertea_p.jpg\" alt=\"cr\u00f3nica\" \/><\/td>\n<\/tr>\n<tr>\n<td>23<\/td>\n<td>La perla &#8211; John Steinbeck<\/td>\n<td><img decoding=\"async\" src=\"http:\/\/img.webadedios.com\/laperlajs_p.jpg\" alt=\"laperla\" \/><\/td>\n<\/tr>\n<\/tbody>\n<\/table>\n<\/div>\n<!--CusAds0-->\n<div style=\"font-size: 0px; height: 0px; line-height: 0px; margin: 0; padding: 0; clear: both;\"><\/div>","protected":false},"excerpt":{"rendered":"<p>Con un total 23 libros de esta lista figuran en lista de libros por leer del 2015 y completamos con mas libros, esta es mi lista de libros a leer durante el 2016 En el 2015 deje de leer por meses, no le\u00ed ning\u00fan libro desde agosto, espero agarrar de nuevo el ritmo de lectura [&hellip;]<\/p>\n","protected":false},"author":1,"featured_media":0,"parent":0,"menu_order":0,"comment_status":"closed","ping_status":"closed","template":"","meta":{"footnotes":""},"class_list":["post-7729","page","type-page","status-publish","hentry"],"_links":{"self":[{"href":"https:\/\/webadedios.com\/blog\/wp-json\/wp\/v2\/pages\/7729","targetHints":{"allow":["GET"]}}],"collection":[{"href":"https:\/\/webadedios.com\/blog\/wp-json\/wp\/v2\/pages"}],"about":[{"href":"https:\/\/webadedios.com\/blog\/wp-json\/wp\/v2\/types\/page"}],"author":[{"embeddable":true,"href":"https:\/\/webadedios.com\/blog\/wp-json\/wp\/v2\/users\/1"}],"replies":[{"embeddable":true,"href":"https:\/\/webadedios.com\/blog\/wp-json\/wp\/v2\/comments?post=7729"}],"version-history":[{"count":0,"href":"https:\/\/webadedios.com\/blog\/wp-json\/wp\/v2\/pages\/7729\/revisions"}],"wp:attachment":[{"href":"https:\/\/webadedios.com\/blog\/wp-json\/wp\/v2\/media?parent=7729"}],"curies":[{"name":"wp","href":"https:\/\/api.w.org\/{rel}","templated":true}]}}