{"id":7575,"date":"2015-01-05T01:36:52","date_gmt":"2015-01-05T07:36:52","guid":{"rendered":"http:\/\/webadedios.com\/blog\/?page_id=7575"},"modified":"2020-11-11T14:22:50","modified_gmt":"2020-11-11T20:22:50","slug":"libros-2015","status":"publish","type":"page","link":"https:\/\/webadedios.com\/blog\/libros-2015\/","title":{"rendered":"Libros 2015"},"content":{"rendered":"<p>Primeramente terminare la lista de algunos libros que quedaron pendientes en el 2014. en total 21 libros de esta lista figuran en <a href=\"http:\/\/webadedios.com\/libros-a-leer-en-el-2014\">lista de libros por leer del 2014<\/a> y completamos con mas libros esta lista.<\/p>\n<p>siempre aceptando recomendaciones<\/p>\n<p>tengo una lista de libros pendientes, que no se agrega a esta lista, que es m\u00e1s extensa, libros de R.R. Martin entre otros quedaran pendientes para el siguiente a\u00f1o<\/p>\n<div class=\"row\">\n<table class=\"table table-striped\">\n<thead class=\"thead-dark\">\n<tr>\n<th>#<\/th>\n<th>Libro<\/th>\n<th>Portada<\/th>\n<\/tr>\n<\/thead>\n<tbody>\n<tr>\n<td>1<\/td>\n<td>Maldito Karma &#8211; David Safier<\/p>\n<ul>\n<li><a title=\"leer\u00e9 maldito kara\" href=\"http:\/\/webadedios.com\/blog\/2015\/libros-lecturas\/leere-maldito-karma-de-david-safier\/\">por que lo leer\u00e9<\/a><\/li>\n<\/ul>\n<\/td>\n<td><img decoding=\"async\" src=\"http:\/\/img.webadedios.com\/maldito_karma_.jpg\" alt=\"karma\" \/><\/td>\n<\/tr>\n<tr>\n<td>2<\/td>\n<td>Musashi ( vol. 2 <em>El camino de la espada<\/em>) &#8211; Eiji Yoshikawa<\/p>\n<ul>\n<li><a href=\"http:\/\/webadedios.com\/blog\/2015\/libros-lecturas\/leere-musashi-vol-2-el-camino-de-la-espada-de-eiji-yoshikawa\/\">Por qu\u00e9 lo leer\u00e9<\/a><\/li>\n<\/ul>\n<p>&nbsp;<\/td>\n<td><img decoding=\"async\" src=\"http:\/\/img.webadedios.com\/musashi2_p.jpg\" alt=\"musashi2\" \/><\/td>\n<\/tr>\n<tr>\n<td>3<\/td>\n<td>Musashi ( vol. 3 <em>La luz perfecta<\/em>) &#8211; Eiji Yoshikawa<\/p>\n<ul>\n<li><a title=\"Musashi 3\" href=\"http:\/\/webadedios.com\/blog\/2015\/libros-lecturas\/leere-musashi-vol-3-la-luz-perfecta-de-eiji-yoshikawa\/\">Por qu\u00e9 lo leer\u00e9<\/a><\/li>\n<\/ul>\n<p>&nbsp;<\/td>\n<td><img decoding=\"async\" src=\"http:\/\/img.webadedios.com\/musashi3_p.jpg\" alt=\"musash 3\" \/><\/td>\n<\/tr>\n<tr>\n<td>4<\/td>\n<td>La invenci\u00f3n de Morel &#8211; Adolfo Bioy Casares<\/p>\n<ul>\n<li><a href=\"http:\/\/webadedios.com\/blog\/2015\/libros-lecturas\/leere-la-invencion-de-morel-de-adolfo-bioy-casares\/\">por qu\u00e9 lo leer\u00e9<\/a><\/li>\n<\/ul>\n<p>&nbsp;<\/td>\n<td><img decoding=\"async\" src=\"http:\/\/img.webadedios.com\/lainvdeorel_p.jpg\" alt=\"invension de morel\" \/><\/td>\n<\/tr>\n<tr>\n<td>5<\/td>\n<td>El hombre sin atributos vol 1 &#8211; Robert Musil<\/p>\n<ul>\n<li><a href=\"http:\/\/webadedios.com\/blog\/2015\/libros-lecturas\/leere-el-hombre-sin-atributos-vol-1-de-robert-musil\/\">Por qu\u00e9 lo leer\u00e9<\/a><\/li>\n<\/ul>\n<p>&nbsp;<\/td>\n<td><img decoding=\"async\" title=\"hombre sin atributos\" src=\"http:\/\/img.webadedios.com\/hsinatributos_p.jpg\" alt=\"hombre sin atributos\" \/><\/td>\n<\/tr>\n<tr>\n<td>6<\/td>\n<td>El hombre sin atributos vol 2 &#8211; Robert Musil<\/td>\n<td><img decoding=\"async\" src=\"http:\/\/img.webadedios.com\/hombreatri-2.jpg\" alt=\"hombre sin atributos\" \/><\/td>\n<\/tr>\n<tr>\n<td>7<\/td>\n<td>50 cosas que hay que saber sobre econom\u00eda &#8211; Edmund Conway<\/p>\n<ul>\n<li><a href=\"http:\/\/webadedios.com\/blog\/2015\/libros-lecturas\/leere-50-cosas-que-hay-que-saber-sobre-economia-de-edmund-conway\/\" target=\"_blank\" rel=\"noopener noreferrer\">Por que lo leer\u00e9<\/a><\/li>\n<\/ul>\n<\/td>\n<td><img decoding=\"async\" src=\"http:\/\/img.webadedios.com\/50cseco_p.jpg\" alt=\"50 eco\" \/><\/td>\n<\/tr>\n<tr>\n<td>8<\/td>\n<td>Tr\u00f3pico de C\u00e1ncer &#8211; Henry Millercc<\/p>\n<ul>\n<li><a href=\"http:\/\/webadedios.com\/blog\/2015\/libros-lecturas\/leere-tropico-de-cancer-de-henry-miller\/\">Por qu\u00e9 lo leer\u00e9<\/a><\/li>\n<\/ul>\n<\/td>\n<td><img decoding=\"async\" title=\"Tropico de cancer\" src=\"http:\/\/img.webadedios.com\/tropico_de_cancer_p.jpg\" alt=\"Tropico de cancer\" \/><\/td>\n<\/tr>\n<tr>\n<td>9<\/td>\n<td>Tr\u00f3pico de Capricornio &#8211; Henry Miller<\/p>\n<ul>\n<li><a href=\"http:\/\/webadedios.com\/blog\/2015\/cinefilia\/leere-tropico-de-capricornio-de-henry-miller\/\" target=\"_blank\" rel=\"noopener noreferrer\">Por qu\u00e9 lo leer\u00e9<\/a><\/li>\n<\/ul>\n<\/td>\n<td><img decoding=\"async\" title=\"Tropico de capricornio\" src=\"http:\/\/img.webadedios.com\/tropiccapricorio_p.jpg\" alt=\"Tropico de capricornio\" \/><\/td>\n<\/tr>\n<tr>\n<td>10<\/td>\n<td>Trampa 22 &#8211; Joseph Herre<\/p>\n<ul>\n<li><a href=\"http:\/\/webadedios.com\/blog\/2015\/libros-lecturas\/leere-trampa-22-de-joseph-herre\/\" target=\"_blank\" rel=\"noopener noreferrer\">Por qu\u00e9 lo leer\u00e9<\/a><\/li>\n<\/ul>\n<\/td>\n<td><img decoding=\"async\" title=\"trampa 22\" src=\"http:\/\/img.webadedios.com\/trampa22_p.jpg\" alt=\"trampa 22\" \/><\/td>\n<\/tr>\n<tr>\n<td>11<\/td>\n<td>Higiene del asesino &#8211; Am\u00e9lie Nothomb<\/p>\n<ul>\n<li><a href=\"http:\/\/webadedios.com\/blog\/2015\/libros-lecturas\/leere-higiene-del-asesino-de-amelie-nothomb\/\">Por qu\u00e9 lo leer\u00e9<\/a><\/li>\n<\/ul>\n<\/td>\n<td><img decoding=\"async\" src=\"http:\/\/img.webadedios.com\/higieneasep.jpg\" alt=\"higiene\" \/><\/td>\n<\/tr>\n<tr>\n<td>12<\/td>\n<td>Un mundo sin fin &#8211; Ken Follett<\/p>\n<ul>\n<li><a href=\"http:\/\/webadedios.com\/blog\/2015\/libros-lecturas\/leere-un-mundo-sin-fin-de-ken-follett\/\">Por qu\u00e9 lo leer\u00e9<\/a><\/li>\n<\/ul>\n<\/td>\n<td><img decoding=\"async\" title=\"un mundo sin fin\" src=\"http:\/\/img.webadedios.com\/un-mundo-sin-fin_p.jpg\" alt=\"un mundo sin fin\" \/><\/td>\n<\/tr>\n<tr>\n<td>13<\/td>\n<td>El anatomista &#8211; Fede Andahazi.<\/p>\n<ul>\n<li><a href=\"http:\/\/webadedios.com\/blog\/2015\/libros-lecturas\/leere-el-anatomista-de-federico-andahazi\/\">Por qu\u00e9 lo leer\u00e9<\/a><\/li>\n<\/ul>\n<\/td>\n<td><img decoding=\"async\" src=\"http:\/\/img.webadedios.com\/anatomista_p.jpg\" alt=\"anatomista\" \/><\/td>\n<\/tr>\n<tr>\n<td>14<\/td>\n<td>Juegos en que participamos &#8211; Eric Berne<\/p>\n<ul>\n<li><a href=\"http:\/\/webadedios.com\/blog\/2015\/libros-lecturas\/leere-juegos-en-que-participamos-de-eric-berne\/\">Por qu\u00e9 lo leer\u00e9<\/a><\/li>\n<\/ul>\n<\/td>\n<td><img decoding=\"async\" src=\"http:\/\/img.webadedios.com\/juegopartic_p.jpg\" alt=\"juego participamos\" \/><\/td>\n<\/tr>\n<tr>\n<td height=\"16\">15<\/td>\n<td>El Rey Del Invierno. (Trilog\u00eda Cr\u00f3nicas Del Se\u00f1or De La Guerra 1 ) &#8211; Bernard Cornwell<\/p>\n<ul>\n<li><a href=\"http:\/\/webadedios.com\/blog\/2015\/libros-lecturas\/leere-el-rey-del-invierno-trilogia-cronicas-del-senor-de-la-guerra-1-de-bernard-cornwell\/\">Por qu\u00e9 lo leer\u00e9<\/a><\/li>\n<\/ul>\n<\/td>\n<td><img decoding=\"async\" title=\"rey del ivierno\" src=\"http:\/\/img.webadedios.com\/cronicas-del-senor-reyinv-p_p.jpg\" alt=\"rey del invierno\" \/><\/td>\n<\/tr>\n<tr>\n<td height=\"16\">16<\/td>\n<td>El Enemigo De Dios. (Trilog\u00eda Cr\u00f3nicas Del Se\u00f1or De La Guerra 2 ) &#8211; Bernard Cornwell<\/p>\n<ul>\n<li><a href=\"http:\/\/webadedios.com\/blog\/2015\/libros-lecturas\/leere-el-enemigo-de-dios-trilogia-cronicas-del-senor-de-la-guerra-2-de-bernard-cornwell\/\">Por qu\u00e9 lo leer\u00e9<\/a><\/li>\n<\/ul>\n<p>&nbsp;<\/td>\n<td><img decoding=\"async\" title=\"Elenemigo de dios\" src=\"http:\/\/img.webadedios.com\/cronicas-del-sr-de-la-guerra-el-enemigo-de-dios_p.jpg\" alt=\"el enemigo de dios\" \/><\/td>\n<\/tr>\n<tr>\n<td height=\"16\">17<\/td>\n<td>Excalibur. (Trilog\u00eda Cr\u00f3nicas Del Se\u00f1or De La Guerra 3 ) &#8211; Bernard Cornwell<\/p>\n<ul>\n<li><a href=\"http:\/\/webadedios.com\/blog\/2015\/libros-lecturas\/leere-excalibur-trilogia-cronicas-del-senor-de-la-guerra-3-de-bernard-cornwell\/\">Por que lo leer\u00e9<\/a><\/li>\n<\/ul>\n<\/td>\n<td><img decoding=\"async\" title=\"excalibur\" src=\"http:\/\/img.webadedios.com\/cronicas-del-sr-de-la-guerra-excalibur_p.jpg\" alt=\"excalibur\" \/><\/td>\n<\/tr>\n<tr>\n<td height=\"16\">18<\/td>\n<td>Fiebre y Lanza &#8211; Javier Mar\u00edas<\/p>\n<ul>\n<li><a href=\"http:\/\/webadedios.com\/blog\/2015\/libros-lecturas\/leere-tu-rostro-manana-1-fiebre-y-lanza-de-javier-marias\/\">Por que lo leer\u00e9<\/a><\/li>\n<\/ul>\n<\/td>\n<td><img decoding=\"async\" title=\"fiebre y lanza\" src=\"http:\/\/img.webadedios.com\/fiebre-lanza_p.jpg\" alt=\"fiebre y lanza\" \/><\/td>\n<\/tr>\n<tr>\n<td>19<\/td>\n<td>Neuromante &#8211; William Gibson<\/td>\n<td><img decoding=\"async\" title=\"neuromante\" src=\"http:\/\/img.webadedios.com\/neuromante_p.jpg\" alt=\"neuromante\" \/><\/td>\n<\/tr>\n<tr>\n<td>20<\/td>\n<td>El hombre en el castillo &#8211; Philip K. Dick<\/td>\n<td><img decoding=\"async\" title=\"Hombre en el castillo\" src=\"http:\/\/img.webadedios.com\/hombrencastillo_p.jpg\" alt=\"hombre en el castillo\" \/><\/td>\n<\/tr>\n<tr>\n<td>21<\/td>\n<td>Los caminantes. (Los caminantes 1 ) &#8211; Carlos Sisi<\/td>\n<td><img decoding=\"async\" title=\"los caminantes\" src=\"http:\/\/img.webadedios.com\/los-caminantes_p.jpg\" alt=\"los caminantes\" \/><\/td>\n<\/tr>\n<tr>\n<td>22<\/td>\n<td>Necr\u00f3polis. (Los caminantes 2 ) &#8211; Carlos Sisi<\/td>\n<td><img decoding=\"async\" title=\"necropolis\" src=\"http:\/\/img.webadedios.com\/necropolis_p.jpg\" alt=\"necropolis\" \/><\/td>\n<\/tr>\n<tr>\n<td>23<\/td>\n<td>Hades Nebula. (Los caminantes 3 ) &#8211; Carlos Sisi<\/td>\n<td><img decoding=\"async\" title=\"hades nebula\" src=\"http:\/\/img.webadedios.com\/hades-nebula_p.jpg\" alt=\"hades nebula\" \/><\/td>\n<\/tr>\n<tr>\n<td>24<\/td>\n<td>Anatema &#8211; Neal Stephenson<\/td>\n<td><img decoding=\"async\" title=\"anatema\" src=\"http:\/\/img.webadedios.com\/anatema_p.jpg\" alt=\"anatema\" \/><\/td>\n<\/tr>\n<tr>\n<td>25<\/td>\n<td>Dinero f\u00e1cil. (Trilog\u00eda negra de Estocolmo 1 ) &#8211; Jens Lapidus<\/td>\n<td><img decoding=\"async\" title=\"dinero facil\" src=\"http:\/\/img.webadedios.com\/dinerofacil_p.jpg\" alt=\"dinero facil\" \/><\/td>\n<\/tr>\n<tr>\n<td>26<\/td>\n<td>Nunca la jodas. (Trilog\u00eda negra de Estocolmo 2 ) &#8211; Jens Lapidus<\/td>\n<td><img decoding=\"async\" title=\"nunca la jodas\" src=\"http:\/\/img.webadedios.com\/nunca-jodas_p.jpg\" alt=\"nunca a jodas\" \/><\/td>\n<\/tr>\n<tr>\n<td>27<\/td>\n<td>Una vida de lujo. (Trilog\u00eda negra de Estocolmo 3 ) &#8211; Jens Lapidus<\/td>\n<td><img decoding=\"async\" title=\"una vida delujo\" src=\"http:\/\/img.webadedios.com\/una-vida-lujo_p.jpg\" alt=\"una vida de lujo\" \/><\/td>\n<\/tr>\n<tr>\n<td>28<\/td>\n<td>Como detectar mentiras . Una gu\u00eda para utilizar en el trabajo, la pol\u00edtica y la familia &#8211; Paul Ekman<\/td>\n<td><img decoding=\"async\" title=\"como detectar entiras\" src=\"http:\/\/img.webadedios.com\/detectarmentiras_p.jpg\" alt=\"como detectar mentiras\" \/><\/td>\n<\/tr>\n<tr>\n<td>29<\/td>\n<td>Historia del loco &#8211; Jon Katzenbach<\/td>\n<td><img decoding=\"async\" title=\"historia delloco\" src=\"http:\/\/img.webadedios.com\/historia-del-loco_p.jpg\" alt=\"historia del loco\" \/><\/td>\n<\/tr>\n<tr>\n<td>30<\/td>\n<td>Ada o el ardor &#8211; Vladimir Nabokov<\/td>\n<td><img decoding=\"async\" title=\"ada\" src=\"http:\/\/img.webadedios.com\/ada_p.jpg\" alt=\"Ada o el hardor\" \/><\/td>\n<\/tr>\n<tr>\n<td height=\"16\">31<\/td>\n<td>Acacia &#8211; Anthony Durham.<\/td>\n<td><img decoding=\"async\" src=\"http:\/\/img.webadedios.com\/acaciadurham_p.jpg\" alt=\"acacia\" \/><\/td>\n<\/tr>\n<tr>\n<td>32<\/td>\n<td>Secretos de alcoba de los grandes chefs &#8211; Irvine Welsh<\/td>\n<td><img decoding=\"async\" src=\"http:\/\/img.webadedios.com\/salcochef_p.jpg\" alt=\"secretos\" \/><\/td>\n<\/tr>\n<tr>\n<td>33<\/td>\n<td>Tuya &#8211; Claudia Pi\u00f1ero<\/td>\n<td><img decoding=\"async\" src=\"http:\/\/img.webadedios.com\/tuyacp_p.jpg\" alt=\"tuya\" \/><\/td>\n<\/tr>\n<tr>\n<td>34<\/td>\n<td>La aventura de los conquistadores &#8211; Juan Antonio Cebri\u00e1n<\/td>\n<td><img decoding=\"async\" src=\"http:\/\/img.webadedios.com\/avconq_p.jpg\" alt=\"aventura\" \/><\/td>\n<\/tr>\n<tr>\n<td>35<\/td>\n<td>Cometas en el cielo &#8211; Khaled Hosseini<\/td>\n<td><img decoding=\"async\" src=\"http:\/\/img.webadedios.com\/cometascielo.jpg\" alt=\"cometas\" \/><\/td>\n<\/tr>\n<tr>\n<td>36<\/td>\n<td>Bendici\u00f3n de la tierra &#8211; Knut Hamsun<\/td>\n<td><img decoding=\"async\" src=\"http:\/\/img.webadedios.com\/bendiciondelatierra.jpg\" alt=\"bendici\u00f3n\" \/><\/td>\n<\/tr>\n<tr>\n<td>37<\/td>\n<td>Tierra desacostumbrada &#8211; Jhumpa Lahiri<\/td>\n<td><img decoding=\"async\" src=\"http:\/\/img.webadedios.com\/tierradesacost.jpg\" alt=\"desacostumbrada\" \/><\/td>\n<\/tr>\n<tr>\n<td>38<\/td>\n<td>La acci\u00f3n humana &#8211; Ludwig von Mises<\/td>\n<td><img decoding=\"async\" src=\"http:\/\/img.webadedios.com\/accionhumana.jpg\" alt=\"tratado\" \/><\/td>\n<\/tr>\n<tr>\n<td>39<\/td>\n<td>Cr\u00f3nica de una muerte anunciada &#8211; Gabriel Garc\u00eda M\u00e1rquez<\/td>\n<td><img decoding=\"async\" src=\"http:\/\/img.webadedios.com\/cronica_muertea_p.jpg\" alt=\"cr\u00f3nica\" \/><\/td>\n<\/tr>\n<tr>\n<td>40<\/td>\n<td>La perla &#8211; John Steinbeck<\/td>\n<td><img decoding=\"async\" src=\"http:\/\/img.webadedios.com\/laperlajs_p.jpg\" alt=\"laperla\" \/><\/td>\n<\/tr>\n<\/tbody>\n<\/table>\n<\/div>\n<!--CusAds0-->\n<div style=\"font-size: 0px; height: 0px; line-height: 0px; margin: 0; padding: 0; clear: both;\"><\/div>","protected":false},"excerpt":{"rendered":"<p>Primeramente terminare la lista de algunos libros que quedaron pendientes en el 2014. en total 21 libros de esta lista figuran en lista de libros por leer del 2014 y completamos con mas libros esta lista. siempre aceptando recomendaciones tengo una lista de libros pendientes, que no se agrega a esta lista, que es m\u00e1s [&hellip;]<\/p>\n","protected":false},"author":1,"featured_media":0,"parent":0,"menu_order":0,"comment_status":"open","ping_status":"open","template":"","meta":{"footnotes":""},"class_list":["post-7575","page","type-page","status-publish","hentry"],"_links":{"self":[{"href":"https:\/\/webadedios.com\/blog\/wp-json\/wp\/v2\/pages\/7575","targetHints":{"allow":["GET"]}}],"collection":[{"href":"https:\/\/webadedios.com\/blog\/wp-json\/wp\/v2\/pages"}],"about":[{"href":"https:\/\/webadedios.com\/blog\/wp-json\/wp\/v2\/types\/page"}],"author":[{"embeddable":true,"href":"https:\/\/webadedios.com\/blog\/wp-json\/wp\/v2\/users\/1"}],"replies":[{"embeddable":true,"href":"https:\/\/webadedios.com\/blog\/wp-json\/wp\/v2\/comments?post=7575"}],"version-history":[{"count":0,"href":"https:\/\/webadedios.com\/blog\/wp-json\/wp\/v2\/pages\/7575\/revisions"}],"wp:attachment":[{"href":"https:\/\/webadedios.com\/blog\/wp-json\/wp\/v2\/media?parent=7575"}],"curies":[{"name":"wp","href":"https:\/\/api.w.org\/{rel}","templated":true}]}}