{"id":7012,"date":"2013-06-13T16:06:14","date_gmt":"2013-06-13T21:06:14","guid":{"rendered":"http:\/\/webadedios.com\/blog\/?page_id=7012"},"modified":"2020-11-11T14:51:17","modified_gmt":"2020-11-11T20:51:17","slug":"libros-2013","status":"publish","type":"page","link":"https:\/\/webadedios.com\/blog\/libros-2013\/","title":{"rendered":"Libros 2013"},"content":{"rendered":"<p>Lista de libros a leer en el 2013 (para ver la lista de <a href=\"http:\/\/webadedios.com\/blog\/libros-2012-2\/\">libros por leer de 2012)<\/a><\/p>\n<div class=\"row\">\n<table class=\"table table-striped\">\n<thead class=\"thead-dark\">\n<tr>\n<th>#<\/th>\n<th>Libro<\/th>\n<th>Portada<\/th>\n<th>Autor<\/th>\n<th>Comenario<\/th>\n<\/tr>\n<\/thead>\n<tbody>\n<tr>\n<td>1<\/td>\n<td><img decoding=\"async\" alt=\"Cortazar lee\" src=\"http:\/\/img.webadedios.com\/portadas\/julio%20cort%C3%A1zar%201966.150.jpeg\" \/><\/td>\n<td>Cort\u00e1zar lee a Cort\u00e1zar<\/td>\n<td>Cort\u00e1zar<\/td>\n<\/tr>\n<tr>\n<td>2<\/td>\n<td><img decoding=\"async\" alt=\"como superar el fracaso\" src=\"http:\/\/img.webadedios.com\/portadas\/como_superar_el_fracaso_y_obtener_el_exito.150.jpg\" \/><\/td>\n<td>C\u00f3mo Superar el Fracaso y Obtener el \u00c9xito<\/td>\n<td>Napole\u00f3n Hill<\/td>\n<\/tr>\n<tr>\n<td>3<\/td>\n<td><img decoding=\"async\" alt=\"Mundo de sof\u00eda\" src=\"http:\/\/img.webadedios.com\/portadas\/el-mundo-de-sofia-jostein-gaarder.150.jpg\" \/><\/td>\n<td>El mundo de Sof\u00eda<\/td>\n<td>Jostein Gaarner<\/td>\n<td><a href=\"http:\/\/webadedios.com\/blog\/2012\/libros-lecturas\/leere-el-mundo-de-sofia-de-jostein-gaarner\/\" rel=\"noopener noreferrer\" target=\"_blank\" title=\"El mundo de Sof\u00eda\">Leer\u00e9 \u00abEl Mundo de Sof\u00eda\u00bb<\/a><\/td>\n<\/tr>\n<tr>\n<td>4<\/td>\n<td><img decoding=\"async\" alt=\"Zaratustra\" src=\"http:\/\/img.webadedios.com\/portadas\/asihablozaratustra.150.jpg\" \/><\/td>\n<td>As\u00ed habl\u00f3 Zaratustra<\/td>\n<td>Friedrich Nietzsche<\/td>\n<td>\n<div><a href=\"http:\/\/webadedios.com\/blog\/2013\/libros-lecturas\/leere-asi-hablo-zaratustra-de-friedrich-nietzsche\/\">Leer\u00e9 As\u00ed habl\u00f3 Zaratustra de Friedrich Nietzsche<\/a><\/div>\n<\/td>\n<\/tr>\n<tr>\n<td>5<\/td>\n<td><img decoding=\"async\" alt=\"joven y rico\" src=\"http:\/\/img.webadedios.com\/retiratejovenyrico.jpg\" title=\"retirate\" \/><\/td>\n<td>Ret\u00edrate Joen y Rico<\/td>\n<td>Robert Kiyosaki<\/td>\n<td><a href=\"http:\/\/webadedios.com\/blog\/2013\/libros-lecturas\/leere-retirate-joven-y-rico-de-robert-kiyosaki\/\" rel=\"noopener noreferrer\" target=\"_blank\">Leer\u00e9 Ret\u00edrate joven y Rico de Robert Kiyosaki<\/a><\/td>\n<\/tr>\n<tr>\n<td>6<\/td>\n<td><img decoding=\"async\" alt=\"poder dentro de ti\" src=\"http:\/\/img.webadedios.com\/portadas\/elpoder_esta_dentro_de_ti.150.jpeg\" \/><\/td>\n<td>El Poder Est\u00e1 Dentro de Ti<\/td>\n<td>Louise L. Hay<\/td>\n<td>\n<div><a href=\"http:\/\/webadedios.com\/blog\/2013\/libros-lecturas\/leere-el-poder-esta-dentro-de-ti-de-louise-l-hay\/\">Leer\u00e9 El Poder Est\u00e1 Dentro de Ti de Louise L. Hay<\/a><\/div>\n<\/td>\n<\/tr>\n<tr>\n<td>7<\/td>\n<td><img decoding=\"async\" alt=\"exito no por casualidad\" src=\"http:\/\/img.webadedios.com\/portadas\/el_exito_no_llega_por_casualidad.150.jpg\" \/><\/td>\n<td>El \u00c9xito no llega por Casualidad<\/td>\n<td>Lair Ribeiro<\/td>\n<\/tr>\n<tr>\n<td>8<\/td>\n<td><img decoding=\"async\" alt=\"prisionero del cielo\" src=\"http:\/\/img.webadedios.com\/portadas\/el_prisionero_del_cielo.150.jpg\" \/><\/td>\n<td>El prisionero del cielo<\/td>\n<td>\u00ad Carlos Ruiz Zaf\u00f3n<\/td>\n<td>\n<div><a href=\"http:\/\/webadedios.com\/blog\/2013\/libros-lecturas\/leere-el-prisionero-del-cielo-de-carlos-ruiz-zafon\/\">Leer\u00e9 El prisionero del cielo de Carlos Ruiz Zaf\u00f3n<\/a><\/div>\n<\/td>\n<\/tr>\n<tr>\n<td>9<\/td>\n<td><img decoding=\"async\" alt=\"como ganar amigos\" src=\"http:\/\/img.webadedios.com\/portadas\/como_ganar_amigos.150.jpg\" \/><\/td>\n<td>C\u00f3mo Ganar Amigos e Influir sobre las Personas<\/td>\n<td>Dale Carnegie<\/td>\n<td>\n<div><a href=\"http:\/\/webadedios.com\/blog\/2013\/libros-lecturas\/leere-como-ganar-amigos-e-influir-sobre-las-personas-de-dale-carnegie\/\">Leer\u00e9 C\u00f3mo Ganar Amigos e Influir sobre las Personas de Dale Carnegie<\/a><\/div>\n<\/td>\n<\/tr>\n<tr>\n<td>10<\/td>\n<td><img decoding=\"async\" alt=\"el vendedor mas grande del mundo\" src=\"http:\/\/img.webadedios.com\/portadas\/el-vendedor-mas-grande-del-mundo.150.jpg\" \/><\/td>\n<td>El Vendedor m\u00e1s grande del Mundo<\/td>\n<td>Og Mandino<\/td>\n<td>\n<div><a href=\"http:\/\/webadedios.com\/blog\/2013\/libros-lecturas\/leere-el-vendedor-mas-grande-del-mundo-de-og-mandino\/\">leer\u00e9 El Vendedor m\u00e1s grande del Mundo de Og Mandino<\/a><\/div>\n<\/td>\n<\/tr>\n<tr>\n<td>11<\/td>\n<td><img decoding=\"async\" alt=\"exito 10 pasos\" src=\"http:\/\/img.webadedios.com\/portadas\/el_exito_en_10_pasos.150.jpg\" \/><\/td>\n<td>El \u00c9xito en 10 Pasos<\/td>\n<td>Michael Dlouhy<\/td>\n<td>\n<div><a href=\"http:\/\/webadedios.com\/blog\/2013\/libros-lecturas\/leere-el-exito-en-10-pasos-de-michael-dlouhy\/\">Ler\u00e9<\/a> <a href=\"http:\/\/webadedios.com\/blog\/2013\/libros-lecturas\/leere-el-exito-en-10-pasos-de-michael-dlouhy\/\"> El \u00c9xito en 10 Pasos de Michael Dlouhy<\/a><\/div>\n<\/td>\n<\/tr>\n<tr>\n<td>12<\/td>\n<td><img decoding=\"async\" alt=\"actitud mental positiva\" src=\"http:\/\/img.webadedios.com\/portadas\/actitud-mental-positiva.150.jpg\" \/><\/td>\n<td>La Actitud Mental Positiva<\/td>\n<td>Napole\u00f3n Hill y W. Clement Stone<\/td>\n<td>\n<div><a href=\"http:\/\/webadedios.com\/blog\/2013\/libros-lecturas\/leere-la-actitud-mental-positiva-de-napoleon-hill-y-w-clement-stone\/\" rel=\"noopener noreferrer\" target=\"_blank\">leer\u00e9 La Actitud Mental Positiva de Napole\u00f3n Hill y W. Clement Stone <\/a><\/div>\n<\/td>\n<\/tr>\n<tr>\n<td>13<\/td>\n<td><img decoding=\"async\" alt=\"la vaca\" src=\"http:\/\/img.webadedios.com\/portadas\/la_vaca.150.jpg\" \/><\/td>\n<td>La Vaca<\/td>\n<td>Camilo Cruz<\/td>\n<td>\n<div><a href=\"http:\/\/webadedios.com\/blog\/2013\/libros-lecturas\/leere-la-vaca-de-camilo-cruz\/\">Leer\u00e9 La Vaca de Camilo Cruz<\/a><\/div>\n<\/td>\n<\/tr>\n<tr>\n<td>14<\/td>\n<td><img decoding=\"async\" alt=\"solo un poquito mas\" src=\"http:\/\/img.webadedios.com\/portadas\/solounpoquitomas.150.jpg\" \/><\/td>\n<td>Solo un poquito m\u00e1s<\/td>\n<td>Hibert Coca<\/td>\n<\/tr>\n<tr>\n<td>15<\/td>\n<td><img decoding=\"async\" alt=\"piense y hagase rico\" src=\"http:\/\/img.webadedios.com\/portadas\/piense_y_hagase_rico.150.jpg\" \/><\/td>\n<td>Piense y H\u00e1gase Rico<\/td>\n<td>Napoleon Hill<\/td>\n<td><a href=\"http:\/\/webadedios.com\/blog\/2013\/libros-lecturas\/leere-piense-y-hagase-rico-de-napoleon-hill\/\">Leer\u00e9 Piense y H\u00e1gase Rico de Napoleon Hill<\/a><\/td>\n<\/tr>\n<tr>\n<td>16<\/td>\n<td><img decoding=\"async\" alt=\"irresistible tentacion\" src=\"http:\/\/img.webadedios.com\/portadas\/irresistible-tentacion.150.jpg\" \/><\/td>\n<td>irresistible tentaci\u00f3n<\/td>\n<td>Robin L. Rothan<\/td>\n<td>\n<div><a href=\"http:\/\/webadedios.com\/blog\/2013\/libros-lecturas\/leere-irresistibe-tentacion-de-robin-l-rotham\/\" rel=\"noopener noreferrer\" target=\"_blank\">Leer\u00e9 Irresistible tentaci\u00f3n de Robin L. Rotham<\/a><\/div>\n<\/td>\n<\/tr>\n<tr>\n<td>17<\/td>\n<td><img decoding=\"async\" alt=\"manantial\" src=\"http:\/\/img.webadedios.com\/portadas\/el_manantial.150.jpg\" \/><\/td>\n<td>El Manantial<\/td>\n<td>Ayn Rand.<\/td>\n<td><a href=\"http:\/\/webadedios.com\/blog\/2013\/libros-lecturas\/leere-el-el-manantial-de-ayn-rand\/\" rel=\"noopener noreferrer\" target=\"_blank\" title=\"ayn rand el manantial\">Leer\u00e9 \u201cEl Manantial\u00bb de Ayn Rand<\/a><\/td>\n<\/tr>\n<tr>\n<td>18<\/td>\n<td><img decoding=\"async\" alt=\"crdo capitalista\" src=\"http:\/\/img.webadedios.com\/portadas\/pequen-cerdo-capitalista_p.jpg\" \/><\/td>\n<td>Peque\u00f1o Cerdo Capitalista<\/td>\n<td>Sof\u00eda Mac\u00edas<\/td>\n<td><a href=\"http:\/\/webadedios.com\/blog\/2013\/libros-lecturas\/leere-pequeno-cerdo-capitalista-de-sofia-macias\/\" rel=\"noopener noreferrer\" target=\"_blank\" title=\"Peque\u00f1o Cerdo Capitalista\">Leer\u00e9 Peque\u00f1o Cerdo capitalista de Sof\u00eda Mac\u00edas<\/a><\/td>\n<\/tr>\n<tr>\n<td>19<\/td>\n<td><img decoding=\"async\" alt=\"1\" src=\"http:\/\/img.webadedios.com\/portadas\/1juegodetronos.150.jpg\" \/><\/td>\n<td>Canci\u00f3n de Hielo y Fuego.<wbr><\/wbr><wbr><\/wbr> Libro I, Juego de Tronos ;<\/td>\n<td>George R. R. Martin<\/td>\n<td><a href=\"http:\/\/webadedios.com\/blog\/2013\/libros-lecturas\/leere-cancion-de-hielo-y-fuego-libro-i-juego-de-tronos-de-george-r-r-martin\/\" rel=\"noopener noreferrer\" target=\"_blank\" title=\"juego de tronos\">Leer\u00e9 Canci\u00f3n de Hielo y Fuego. Libro I, Juego de Tronos de George R. R. Martin<\/a><\/td>\n<\/tr>\n<tr>\n<td>20<\/td>\n<td><img decoding=\"async\" alt=\"2\" src=\"http:\/\/img.webadedios.com\/portadas\/2choque_de_reyes.150.jpg\" \/><\/td>\n<td>Canci\u00f3n de Hielo y Fuego<wbr><\/wbr><wbr><\/wbr>. Libro II, Choque de Reyes<\/td>\n<td>George R. R. Martin<\/td>\n<td><a href=\"http:\/\/webadedios.com\/blog\/2013\/libros-lecturas\/leere-cancion-de-hielo-y-fuego-libro-ii-choque-de-reyes-de-george-r-r-martin\/\" rel=\"noopener noreferrer\" target=\"_blank\" title=\"choque de reyes\">Leer\u00e9 Canci\u00f3n de Hielo y Fuego. Libro II, Choque de Reyes de George R. R. Martin<\/a><\/td>\n<\/tr>\n<tr>\n<td>21<\/td>\n<td><img decoding=\"async\" alt=\"3\" src=\"http:\/\/img.webadedios.com\/portadas\/3tormentadeespadas.150.jpg\" \/><\/td>\n<td>Canci\u00f3n de Hielo y Fuego<wbr><\/wbr>. Libro III, Tormeta de Espadas<\/td>\n<td>George R. R. Martin<\/td>\n<td><a href=\"http:\/\/webadedios.com\/blog\/2013\/libros-lecturas\/leere-cancion-de-hielo-y-fuego-libro-iii-tormenta-de-espadas-de-george-r-r-martin\/\" title=\"Permalink to Leer\u00e9 Canci\u00f3n de Hielo y Fuego. Libro III, Tormenta de espadas de George R. R. Martin\">Leer\u00e9 Canci\u00f3n de Hielo y Fuego. Libro III, Tormenta de espadas de George R. R. Martin<\/a><\/td>\n<\/tr>\n<tr>\n<td>22<\/td>\n<td><img decoding=\"async\" alt=\"ender\" src=\"http:\/\/img.webadedios.com\/portadas\/ender.150.jpg\" \/><\/td>\n<td>El juego de Ender<\/td>\n<td>Orson Scott Card<\/td>\n<td><a href=\"http:\/\/webadedios.com\/blog\/2013\/libros-lecturas\/leere-el-juego-de-ender-de-orson-scott-card\/\" rel=\"noopener noreferrer\" target=\"_blank\" title=\"el juego de ender\">Leer\u00e9 El Juego de Ender de Orson Scott Card<\/a><\/td>\n<\/tr>\n<tr>\n<td>23<\/td>\n<td><img decoding=\"async\" alt=\"voz de los murtos\" src=\"http:\/\/img.webadedios.com\/portadas\/lavozdeosmuertos_p.jpg\" \/><\/td>\n<td>La voz de los muertos<\/td>\n<td>Orson Scott Card<\/td>\n<td><a href=\"http:\/\/webadedios.com\/blog\/2013\/libros-lecturas\/leere-la-voz-de-los-muertos-de-orson-scott-card\/\" rel=\"noopener noreferrer\" target=\"_blank\" title=\"la voz de los muertos\">Leer\u00e9 la voz de los muertos de Orson Scott Card<\/a><\/td>\n<\/tr>\n<tr>\n<td>24<\/td>\n<td><img decoding=\"async\" alt=\"12.99\" src=\"http:\/\/img.webadedios.com\/portadas\/1399euros_portadalibro.150.jpg\" \/><\/td>\n<td>13,99 euros<\/td>\n<td>Fr\u00e9d\u00e9ric Beigbeder<\/td>\n<td><a href=\"http:\/\/webadedios.com\/blog\/2013\/libros-lecturas\/leere-1399-euros-de-frederic-beigbeder\/\" rel=\"noopener noreferrer\" target=\"_blank\" title=\"razones por las que leer\u00e9 el libro\">Leer\u00e9 13,99 euros de Fr\u00e9d\u00e9ric Beigbeder<\/a><\/td>\n<\/tr>\n<tr>\n<td>25<\/td>\n<td><img decoding=\"async\" alt=\"economista camuflageado\" src=\"http:\/\/img.webadedios.com\/portadas\/el-economista-camuflado.150.jpg\" \/><\/td>\n<td>El economista camuflado<\/td>\n<td>Tim Harford<\/td>\n<td><a href=\"http:\/\/webadedios.com\/blog\/2013\/libros-lecturas\/leere-el-economista-camuflado-de-tim-harford\/\" rel=\"noopener noreferrer\" target=\"_blank\">Leer\u00e9 el economista Camuflado de Tim Harford<\/a><\/td>\n<\/tr>\n<tr>\n<td>26<\/td>\n<td><img decoding=\"async\" alt=\"amenza dela andromeda\" src=\"http:\/\/img.webadedios.com\/portadas\/amenzaandromeda_p.jpg\" \/><\/td>\n<td>La Amenaza de Andr\u00f3meda<\/td>\n<td>Michael Crichton<\/td>\n<td><a href=\"http:\/\/webadedios.com\/blog\/2013\/libros-lecturas\/leere-la-amenaza-de-andromeda-de-michael-crichton\/\" title=\"Permalink to Leer\u00e9 La Amenaza de Andr\u00f3meda de Michael Crichton\">Leer\u00e9 La Amenaza de Andr\u00f3meda de Michael Crichton<\/a><\/td>\n<\/tr>\n<tr>\n<td>27<\/td>\n<td><img decoding=\"async\" alt=\"rayuela\" src=\"http:\/\/img.webadedios.com\/portadas\/rayuela_p.jpg\" \/><\/td>\n<td>Rayuela<\/td>\n<td>Julio Cort\u00e1zar<\/td>\n<td><a href=\"http:\/\/webadedios.com\/blog\/2013\/libros-lecturas\/leere-rayuela-de-julio-cortazar\/\" title=\"Permalink to Leer\u00e9 Rayuela de Julio Cort\u00e1zar\">Leer\u00e9 Rayuela de Julio Cort\u00e1zar<\/a><\/td>\n<\/tr>\n<tr>\n<td>28<\/td>\n<td><img decoding=\"async\" alt=\"ultimo unicornio\" src=\"http:\/\/img.webadedios.com\/portadas\/elultimounicornio_p.jpg\" \/><\/td>\n<td>El \u00faltimo Unicornio<\/td>\n<td>Peter Beagle<\/td>\n<td><a href=\"http:\/\/webadedios.com\/blog\/2013\/libros-lecturas\/leere-el-ultimo-unicornio-de-peter-beagle\/\" rel=\"noopener noreferrer\" target=\"_blank\" title=\"El ultimo unicornio\">Leer\u00e9 El \u00faltimo Unicornio de peter Beagle<\/a><\/td>\n<\/tr>\n<tr>\n<td>29<\/td>\n<td><img decoding=\"async\" alt=\"Zorba el griego\" src=\"http:\/\/img.webadedios.com\/portadas\/zorbaelgriego_p.jpg\" \/><\/td>\n<td>Zorba el griego<\/td>\n<td>Nikos Kazantzakis<\/td>\n<td><a href=\"http:\/\/webadedios.com\/blog\/2013\/libros-lecturas\/leere-zorba-el-griego-de-nikos-kazantzakis\/\">Leer\u00e9 Zorba el griego de Nikos Kazantzakis<\/a><\/td>\n<\/tr>\n<tr>\n<td>30<\/td>\n<td><img decoding=\"async\" alt=\"insoportable levedad del ser\" src=\"http:\/\/img.webadedios.com\/portadas\/la-insoportable-levedad-del-ser1.jpg\" \/><\/td>\n<td>La insoportable levedad del ser<\/td>\n<td>Milan Kundera<\/td>\n<td><a href=\"http:\/\/webadedios.com\/blog\/2013\/libros-lecturas\/leere-la-insoportable-levedad-del-ser-de-milan-kundera\/\">Leer\u00e9 La insoportable levedad del ser de Milan Kundera<\/a><\/td>\n<\/tr>\n<tr>\n<td>31<\/td>\n<td><img decoding=\"async\" alt=\"tambor de hojalata\" src=\"http:\/\/img.webadedios.com\/portadas\/tambordehojalata_p.jpg\" \/><\/td>\n<td>El tambor de hojalata<\/td>\n<td>G\u00fcnter Grass<\/td>\n<td><a href=\"http:\/\/webadedios.com\/blog\/2013\/libros-lecturas\/leere-el-tambor-de-hojalata-de-gunter-grass\/\" rel=\"noopener noreferrer\" target=\"_blank\" title=\"tambor de hojalata\">Leer\u00e9 El tambor de hojalata de G\u00fcnter Grass<\/a><\/td>\n<\/tr>\n<tr>\n<td>32<\/td>\n<td><img decoding=\"async\" alt=\"Narciso y goldmundo\" src=\"http:\/\/img.webadedios.com\/portadas\/narcisoygodmundo_p.jpg\" \/><\/td>\n<td>Narciso y Goldmundo<\/td>\n<td>Herman Hesse<\/td>\n<\/tr>\n<tr>\n<td>33<\/td>\n<td><img decoding=\"async\" alt=\"ultimo deseo\" src=\"http:\/\/img.webadedios.com\/portadas\/ultimodeseo_p.jpg\" \/><\/td>\n<td>el ultimo deseo<\/td>\n<td>Andrzej Sapkowski<\/td>\n<\/tr>\n<tr>\n<td>34<\/td>\n<td><img decoding=\"async\" alt=\"brevedad de la vida\" src=\"http:\/\/img.webadedios.com\/portadas\/brevedad-de-la-vida_p.jpg\" \/><\/td>\n<td>La brevedad de la vida<\/td>\n<td>Seneca<\/td>\n<\/tr>\n<tr>\n<td>35<\/td>\n<td><img decoding=\"async\" alt=\"Guerra del peloponeso\" src=\"http:\/\/img.webadedios.com\/portadas\/guerrapeloponeso_p.jpg\" \/><\/td>\n<td>Guerra del Peloponeso<\/td>\n<td>Tuc\u00eddides<\/td>\n<\/tr>\n<tr>\n<td>36<\/td>\n<td><img decoding=\"async\" alt=\"Memorias de Adriano\" src=\"http:\/\/img.webadedios.com\/portadas\/memorias_adriano_p.jpg\" \/><\/td>\n<td>Memorias de Adriano<\/td>\n<td>Marguerite Yourcenar,<\/td>\n<\/tr>\n<\/tbody>\n<\/table>\n<\/div>\n<p>La lista de libros por leer es bastante extensa, aun as\u00ed todo el tiempo estoy aceptando recomendaciones siguen en esta lista, aun sin orden claro, seguramente lo dejare como va listado, pero me reservo a hacer cambios en el orden en su momento, que seguramente ser\u00e1 el a\u00f1o entrante (2014). Es como me los han ido recomendando la manera en que se encuentran actualmente listados<\/p>\n<ul>\n<li>\n\t\t<input type=\"checkbox\" \/> \u201cHombre equivocado\u201d de Jon Katzenbach<\/li>\n<li><input type=\"checkbox\" \/> \u201chistoria del loco\u201d de Jon Katzenbach<\/li>\n<li><input type=\"checkbox\" \/> nilo blanco (la historia del&#8230;.) alan moore<\/li>\n<li><input type=\"checkbox\" \/> amantes sobre el nilo<\/li>\n<li><input type=\"checkbox\" \/> el cuarteto de alejandria<\/li>\n<li><input type=\"checkbox\" \/> caso neruda roberto ampuero<\/li>\n<li><input type=\"checkbox\" \/> tierra dentro, mar afuero, region zotavento<\/li>\n<li><input type=\"checkbox\" \/> contra el fanatismo amon oz<\/li>\n<li><input type=\"checkbox\" \/> Y retiemble en sus centros la tierra &#8211; Gonzalo Celorio<\/li>\n<li><input type=\"checkbox\" \/> La silla del \u00e1guila de Enrique Krauze<\/li>\n<li><input type=\"checkbox\" \/> \u00b4Hoy recuerdo la tarde en que le vend\u00ed mi alma al diablo (era mi\u00e9rcoles y llov\u00eda elefantes)\u00b4\u00b4, de Tito Matamala<\/li>\n<li><input type=\"checkbox\" \/> \u00b4\u00b4G\u00f6del, Escher, Bach: An Eternal Golden Braid\u00b4\u00b4, de Douglas Hofstadter<\/li>\n<li><input type=\"checkbox\" \/> \u00b4\u00b4Tr\u00f3pico de Cancer\u00b4\u00b4, de Henry Miller<\/li>\n<li><input type=\"checkbox\" \/> \u00b4\u00b4Anatema\u00b4\u00b4, de Neal Stephenson<\/li>\n<li><input type=\"checkbox\" \/>Neuromante de William Gibson<\/li>\n<li><input type=\"checkbox\" \/> El nombre de la rosa de Umberto Eco<\/li>\n<li><input type=\"checkbox\" \/> El cerebro binario de David Ritchie<\/li>\n<li><input type=\"checkbox\" \/> El \u00e1rbol de las brujas de Bradbury<\/li>\n<li><input type=\"checkbox\" \/> Los cristales so\u00f1adores de Theodore Sturgeon<\/li>\n<li><input type=\"checkbox\" \/> El hombre en el castillo de Philip K .Dick<\/li>\n<li><input type=\"checkbox\" \/> Aprenda con la Mafia:para tener \u00e9xito en cualquier empresa (legal) Louise Ferrante<\/li>\n<li><input type=\"checkbox\" \/> Salem\u00b4s Lot de Stephen King<\/li>\n<li><input type=\"checkbox\" \/> El lector de Cad\u00e1veres, de Antonio Garrido.<\/li>\n<li><input type=\"checkbox\" \/> Musashi. La leyenda del Samurai. Eiji Yoshikawa<\/li>\n<li><input type=\"checkbox\" \/> El anatomista de Fede Andahazi.<\/li>\n<li><input type=\"checkbox\" \/>Henderson, el Rey de la Lluvia, del Nobel de Literatura Saul Bellow.<\/li>\n<li><input type=\"checkbox\" \/> Contra el fanatismo. Amos Oz.<\/li>\n<li><input type=\"checkbox\" \/> The Monk and the Riddle {El monje y el acertijo) de Randy Komisar (Harvard Business School Press).<\/li>\n<li><input type=\"checkbox\" \/> First, Break All the Rules {Primero, rompe todas las reglas) de Marcus Buckingham y Curt Coffman (Sim\u00f3n and Schuster).<\/li>\n<li><input type=\"checkbox\" \/> Emocional Branding {Marcas emocionales) de Daryl Travis (Prima Publishing).<\/li>\n<li><input type=\"checkbox\" \/> libro botchan &#8211; Natsume S\u014dseki<\/li>\n<li><input type=\"checkbox\" \/> las 48 leyes del poder de robert green.<\/li>\n<li><input type=\"checkbox\" \/> C\u00f3mo Generar Ingresos Pasivos de Steve Pavlina y Jes\u00fas Guerrero<\/li>\n<li><input type=\"checkbox\" \/> \u00abSex n the moon\u00bb de Ben Mezrich<\/li>\n<li><input type=\"checkbox\" \/> \u201cAcacia\u201d de Anthony Durham.<\/li>\n<li><input type=\"checkbox\" \/> primer amor de Ivan Turgueniev<\/li>\n<li><input type=\"checkbox\" \/> El hombre sin atributos de Robert Musil<\/li>\n<li><input type=\"checkbox\" \/> Secretos de alcoba de los grandes chefs, de Irvine Welsh,<\/li>\n<li><input type=\"checkbox\" \/> Maldito Karma de David Safier<\/li>\n<li><input type=\"checkbox\" \/> Seducci\u00f3n Peligrosa de Guillermo Palomo.<\/li>\n<li><input type=\"checkbox\" \/> prosa homero aridjis<\/li>\n<li><input type=\"checkbox\" \/> George R. R. Martin &#8211; Canci\u00f3n de Hielo y Fuego:\n<ul>\n<li><input type=\"checkbox\" \/> Libro IV Fest\u00edn de Cuervos y V. Danza de Dragones (a leer juntos, orden recomendado de capitulos por fans de la obra).<\/li>\n<\/ul>\n<\/li>\n<li><input type=\"checkbox\" \/> Un mundo sin fin de ken Follett (2da parte pilares)<\/li>\n<li><input type=\"checkbox\" \/> \u00abCr\u00f3nicas del se\u00f1or de la guerra\u00bb, de Bernard Cornwell<\/li>\n<li><input type=\"checkbox\" \/> Trilog\u00eda Los caminantes, de Carlos Sisi<\/li>\n<li><input type=\"checkbox\" \/> trilog\u00eda negra de estocolmo de jens lapidus (recomendaci\u00f3n cathy)<\/li>\n<\/ul>\n<!--CusAds0-->\n<div style=\"font-size: 0px; height: 0px; line-height: 0px; margin: 0; padding: 0; clear: both;\"><\/div>","protected":false},"excerpt":{"rendered":"<p>Lista de libros a leer en el 2013 (para ver la lista de libros por leer de 2012) # Libro Portada Autor Comenario 1 Cort\u00e1zar lee a Cort\u00e1zar Cort\u00e1zar 2 C\u00f3mo Superar el Fracaso y Obtener el \u00c9xito Napole\u00f3n Hill 3 El mundo de Sof\u00eda Jostein Gaarner Leer\u00e9 \u00abEl Mundo de Sof\u00eda\u00bb 4 As\u00ed habl\u00f3 [&hellip;]<\/p>\n","protected":false},"author":1,"featured_media":0,"parent":0,"menu_order":0,"comment_status":"open","ping_status":"open","template":"","meta":{"footnotes":""},"class_list":["post-7012","page","type-page","status-publish","hentry"],"_links":{"self":[{"href":"https:\/\/webadedios.com\/blog\/wp-json\/wp\/v2\/pages\/7012","targetHints":{"allow":["GET"]}}],"collection":[{"href":"https:\/\/webadedios.com\/blog\/wp-json\/wp\/v2\/pages"}],"about":[{"href":"https:\/\/webadedios.com\/blog\/wp-json\/wp\/v2\/types\/page"}],"author":[{"embeddable":true,"href":"https:\/\/webadedios.com\/blog\/wp-json\/wp\/v2\/users\/1"}],"replies":[{"embeddable":true,"href":"https:\/\/webadedios.com\/blog\/wp-json\/wp\/v2\/comments?post=7012"}],"version-history":[{"count":0,"href":"https:\/\/webadedios.com\/blog\/wp-json\/wp\/v2\/pages\/7012\/revisions"}],"wp:attachment":[{"href":"https:\/\/webadedios.com\/blog\/wp-json\/wp\/v2\/media?parent=7012"}],"curies":[{"name":"wp","href":"https:\/\/api.w.org\/{rel}","templated":true}]}}